{"id":22517,"date":"2023-08-16T02:07:04","date_gmt":"2023-08-16T09:07:04","guid":{"rendered":"https:\/\/lalgbtcenter.org\/condiciones-del-servicio-sms\/"},"modified":"2024-04-10T13:08:53","modified_gmt":"2024-04-10T20:08:53","slug":"condiciones-del-servicio-sms","status":"publish","type":"page","link":"https:\/\/lalgbtcenter.org\/es\/condiciones-del-servicio-sms\/","title":{"rendered":"Condiciones del servicio SMS"},"content":{"rendered":"\n\n<section class=\"container-full-width mt-24 mb-32 relative\">\n  \n<div class=\"relative\">\n    <div class=\"container relative\">\n    <div class=\"grid grid-cols-1 md:grid-cols-2 gap-24 md:gap-160\">\n      <div class=\"relative flex flex-col gap-4 md:gap-20\">\n                          <h1 class=\"heading-xl uppercase\">Condiciones del servicio SMS<\/h1>\n              <\/div>\n      <div class=\"flex flex-col gap-24 md:gap-32 items-start\">\n                  <div class=\"body-md heir-a:underline rich-text\"><p>Fecha de entrada en vigor: 20 de julio de 2022.<\/p>\n<\/div>\n                      <\/div>\n    <\/div>\n  <\/div>\n<\/div><\/section>\n<figure class=\"wp-block-image size-large\"><img loading=\"lazy\" decoding=\"async\" width=\"1024\" height=\"683\" src=\"https:\/\/lalgbtcenter.org\/wp-content\/uploads\/2023\/08\/051323_ZEV_WebsiteShoot_Day2_216-1024x683.jpg\" alt=\"\" class=\"wp-image-15399\" srcset=\"https:\/\/lalgbtcenter.org\/app\/uploads\/2023\/08\/051323_ZEV_WebsiteShoot_Day2_216-1024x683.jpg 1024w, https:\/\/lalgbtcenter.org\/app\/uploads\/2023\/08\/051323_ZEV_WebsiteShoot_Day2_216-300x200.jpg 300w, https:\/\/lalgbtcenter.org\/app\/uploads\/2023\/08\/051323_ZEV_WebsiteShoot_Day2_216-768x512.jpg 768w, https:\/\/lalgbtcenter.org\/app\/uploads\/2023\/08\/051323_ZEV_WebsiteShoot_Day2_216-1536x1024.jpg 1536w, https:\/\/lalgbtcenter.org\/app\/uploads\/2023\/08\/051323_ZEV_WebsiteShoot_Day2_216-2048x1365.jpg 2048w, https:\/\/lalgbtcenter.org\/app\/uploads\/2023\/08\/051323_ZEV_WebsiteShoot_Day2_216-1x1.jpg 1w, https:\/\/lalgbtcenter.org\/app\/uploads\/2023\/08\/051323_ZEV_WebsiteShoot_Day2_216-230x153.jpg 230w, https:\/\/lalgbtcenter.org\/app\/uploads\/2023\/08\/051323_ZEV_WebsiteShoot_Day2_216-550x367.jpg 550w, https:\/\/lalgbtcenter.org\/app\/uploads\/2023\/08\/051323_ZEV_WebsiteShoot_Day2_216-900x600.jpg 900w, https:\/\/lalgbtcenter.org\/app\/uploads\/2023\/08\/051323_ZEV_WebsiteShoot_Day2_216-1130x753.jpg 1130w, https:\/\/lalgbtcenter.org\/app\/uploads\/2023\/08\/051323_ZEV_WebsiteShoot_Day2_216-1280x853.jpg 1280w, https:\/\/lalgbtcenter.org\/app\/uploads\/2023\/08\/051323_ZEV_WebsiteShoot_Day2_216-1460x973.jpg 1460w\" sizes=\"(max-width: 1024px) 100vw, 1024px\" \/><\/figure>\n\n<p>Fecha de entrada en vigor: 20 de julio de 2022.<\/p>\n\n<ol class=\"wp-block-list\">\n<li>Cuando se haya registrado, recibir\u00e1 mensajes de texto (SMS\/MMS) en su n\u00famero de m\u00f3vil. Estos mensajes pueden incluir ofertas, noticias, informaci\u00f3n sobre eventos, formas de donar u otra informaci\u00f3n.<\/li>\n\n\n\n<li>Puede darse de baja de este servicio en cualquier momento. S\u00f3lo tienes que enviar &#8220;STOP&#8221; al c\u00f3digo corto. Despu\u00e9s de que nos env\u00ede el mensaje SMS &#8220;BAJA&#8221;, le enviaremos un mensaje SMS para confirmarle que se ha dado de baja. A partir de ese momento, dejar\u00e1 de recibir nuestros mensajes SMS. Si quieres volver a participar, s\u00f3lo tienes que registrarte como la primera vez y empezaremos a enviarte mensajes SMS de nuevo.<\/li>\n\n\n\n<li>Si tiene problemas con el programa de mensajer\u00eda, puede responder con la palabra clave AYUDA para obtener m\u00e1s ayuda, o puede obtener ayuda directamente en <a href=\"mailto:memberservices@lalgbtcenter.org\">memberservices@lalgbtcenter.org<\/a>.<\/li>\n\n\n\n<li>Los transportistas no son responsables de los mensajes retrasados o no entregados.<\/li>\n\n\n\n<li>Como siempre, pueden aplicarse tarifas de mensajes y datos a cualquier mensaje que le enviemos y que usted nos env\u00ede. La frecuencia de los mensajes puede variar. Si tienes alguna duda sobre tu plan de texto o de datos, lo mejor es que te pongas en contacto con tu proveedor de telefon\u00eda m\u00f3vil.<\/li>\n\n\n\n<li>Si tiene alguna pregunta sobre privacidad, lea nuestra pol\u00edtica de privacidad:<a href=\"https:\/\/lalgbtcenter.org\/administrative\/privacy-policy#:~:text=Their%20privacy%20policies%2C%20not%20ours,regarding%20tracking%20and%2For%20targeting.\">Pol\u00edtica de privacidad del Centro LGBT de Los<\/a> \u00c1ngeles<\/li>\n<\/ol>\n\n\n<section class=\"container-full-width bg-tanDark\">\n  \n  <div class=\"py-56 lg:py-64 relative\">\n    <div class=\"container\">\n      <div class=\"pb-25 lg:pb-40\">\n        <h4 class=\"heading-lg\">\n          Le puede interesar        <\/h4>\n      <\/div>\n    <\/div>\n\n    <div class=\"container\">\n      <div class=\"grid md:grid-cols-2 gap-24 md:gap-32\">\n        \n          <div class=\"aspect-video overflow-hidden rounded-lg relative heir-img:hover:scale-110 heir-img:transition-transform\">\n                          <a href=\"https:\/\/lalgbtcenter.org\/es\/acerca-del-centro\/\">\n                <h4 class=\"absolute z-10 bottom-24 left-24 heading-sm-bold text-white\">Acerca del Centro<\/h4>\n                                                    <img class=\"w-full aspect-video rounded-lg object-cover\" src='https:\/\/lalgbtcenter.org\/app\/uploads\/2023\/08\/about-client-stories-about-recirc-1024x577.png' srcset='https:\/\/lalgbtcenter.org\/app\/uploads\/2023\/08\/about-client-stories-about-recirc-1024x577.png 1024w, https:\/\/lalgbtcenter.org\/app\/uploads\/2023\/08\/about-client-stories-about-recirc-300x169.png 300w, https:\/\/lalgbtcenter.org\/app\/uploads\/2023\/08\/about-client-stories-about-recirc-768x433.png 768w, https:\/\/lalgbtcenter.org\/app\/uploads\/2023\/08\/about-client-stories-about-recirc-1x1.png 1w, https:\/\/lalgbtcenter.org\/app\/uploads\/2023\/08\/about-client-stories-about-recirc-230x130.png 230w, https:\/\/lalgbtcenter.org\/app\/uploads\/2023\/08\/about-client-stories-about-recirc-550x310.png 550w, https:\/\/lalgbtcenter.org\/app\/uploads\/2023\/08\/about-client-stories-about-recirc-900x507.png 900w, https:\/\/lalgbtcenter.org\/app\/uploads\/2023\/08\/about-client-stories-about-recirc.png 1090w' alt='' loading='lazy' sizes='(min-width: 834px) 545px, 92vw'>\n                                <div class=\"w-full h-1\/2 rounded-lg bg-gradient-to-t from-black to-transparent absolute bottom-0\"><\/div>\n              <\/a>\n                      <\/div>\n        \n          <div class=\"aspect-video overflow-hidden rounded-lg relative heir-img:hover:scale-110 heir-img:transition-transform\">\n                          <a href=\"https:\/\/lalgbtcenter.org\/es\/acerca-del-centro\/contactanos\/\">\n                <h4 class=\"absolute z-10 bottom-24 left-24 heading-sm-bold text-white\">Cont\u00e1ctanos<\/h4>\n                                                    <img class=\"w-full aspect-video rounded-lg object-cover\" src='https:\/\/lalgbtcenter.org\/app\/uploads\/2023\/08\/032823_GalaSizzle_Stills_062-1024x683.jpg' srcset='https:\/\/lalgbtcenter.org\/app\/uploads\/2023\/08\/032823_GalaSizzle_Stills_062-1024x683.jpg 1024w, https:\/\/lalgbtcenter.org\/app\/uploads\/2023\/08\/032823_GalaSizzle_Stills_062-300x200.jpg 300w, https:\/\/lalgbtcenter.org\/app\/uploads\/2023\/08\/032823_GalaSizzle_Stills_062-768x512.jpg 768w, https:\/\/lalgbtcenter.org\/app\/uploads\/2023\/08\/032823_GalaSizzle_Stills_062-1536x1024.jpg 1536w, https:\/\/lalgbtcenter.org\/app\/uploads\/2023\/08\/032823_GalaSizzle_Stills_062-2048x1365.jpg 2048w, https:\/\/lalgbtcenter.org\/app\/uploads\/2023\/08\/032823_GalaSizzle_Stills_062-1x1.jpg 1w, https:\/\/lalgbtcenter.org\/app\/uploads\/2023\/08\/032823_GalaSizzle_Stills_062-230x153.jpg 230w, https:\/\/lalgbtcenter.org\/app\/uploads\/2023\/08\/032823_GalaSizzle_Stills_062-550x367.jpg 550w, https:\/\/lalgbtcenter.org\/app\/uploads\/2023\/08\/032823_GalaSizzle_Stills_062-900x600.jpg 900w, https:\/\/lalgbtcenter.org\/app\/uploads\/2023\/08\/032823_GalaSizzle_Stills_062-1130x753.jpg 1130w, https:\/\/lalgbtcenter.org\/app\/uploads\/2023\/08\/032823_GalaSizzle_Stills_062-1280x853.jpg 1280w, https:\/\/lalgbtcenter.org\/app\/uploads\/2023\/08\/032823_GalaSizzle_Stills_062-1460x973.jpg 1460w' alt='' loading='lazy' sizes='(min-width: 834px) 545px, 92vw'>\n                                <div class=\"w-full h-1\/2 rounded-lg bg-gradient-to-t from-black to-transparent absolute bottom-0\"><\/div>\n              <\/a>\n                      <\/div>\n              <\/div>\n    <\/div>\n  <\/div>\n<\/section>","protected":false},"excerpt":{"rendered":"<p>Fecha de entrada en vigor: 20 de julio de 2022.<\/p>\n","protected":false},"author":34,"featured_media":0,"parent":0,"menu_order":0,"comment_status":"closed","ping_status":"closed","template":"","meta":{"footnotes":""},"categories":[],"tags":[],"class_list":["post-22517","page","type-page","status-publish","hentry"],"acf":[],"yoast_head":"<!-- This site is optimized with the Yoast SEO plugin v20.13 - https:\/\/yoast.com\/wordpress\/plugins\/seo\/ -->\n<title>Condiciones del servicio SMS - Los Angeles LGBT Center<\/title>\n<meta name=\"robots\" content=\"index, follow, max-snippet:-1, max-image-preview:large, max-video-preview:-1\" \/>\n<link rel=\"canonical\" href=\"https:\/\/lalgbtcenter.org\/es\/condiciones-del-servicio-sms\/\" \/>\n<meta property=\"og:locale\" content=\"es_ES\" \/>\n<meta property=\"og:type\" content=\"article\" \/>\n<meta property=\"og:title\" content=\"Condiciones del servicio SMS - Los Angeles LGBT Center\" \/>\n<meta property=\"og:description\" content=\"Fecha de entrada en vigor: 20 de julio de 2022.\" \/>\n<meta property=\"og:url\" content=\"https:\/\/lalgbtcenter.org\/es\/condiciones-del-servicio-sms\/\" \/>\n<meta property=\"og:site_name\" content=\"Los Angeles LGBT Center\" \/>\n<meta property=\"article:modified_time\" content=\"2024-04-10T20:08:53+00:00\" \/>\n<meta property=\"og:image\" content=\"https:\/\/lalgbtcenter.org\/wp-content\/uploads\/2023\/08\/051323_ZEV_WebsiteShoot_Day2_216-1024x683.jpg\" \/>\n<meta name=\"twitter:card\" content=\"summary_large_image\" \/>\n<meta name=\"twitter:label1\" content=\"Est. reading time\" \/>\n\t<meta name=\"twitter:data1\" content=\"1 minute\" \/>\n<script type=\"application\/ld+json\" class=\"yoast-schema-graph\">{\"@context\":\"https:\/\/schema.org\",\"@graph\":[{\"@type\":\"WebPage\",\"@id\":\"https:\/\/lalgbtcenter.org\/es\/condiciones-del-servicio-sms\/\",\"url\":\"https:\/\/lalgbtcenter.org\/es\/condiciones-del-servicio-sms\/\",\"name\":\"Condiciones del servicio SMS - Los Angeles LGBT Center\",\"isPartOf\":{\"@id\":\"https:\/\/dev-lalgbtcenter.pantheonsite.io\/#website\"},\"datePublished\":\"2023-08-16T09:07:04+00:00\",\"dateModified\":\"2024-04-10T20:08:53+00:00\",\"inLanguage\":\"es-ES\",\"potentialAction\":[{\"@type\":\"ReadAction\",\"target\":[\"https:\/\/lalgbtcenter.org\/es\/condiciones-del-servicio-sms\/\"]}]},{\"@type\":\"WebSite\",\"@id\":\"https:\/\/dev-lalgbtcenter.pantheonsite.io\/#website\",\"url\":\"https:\/\/dev-lalgbtcenter.pantheonsite.io\/\",\"name\":\"Los Angeles LGBT Center\",\"description\":\"\",\"potentialAction\":[{\"@type\":\"SearchAction\",\"target\":{\"@type\":\"EntryPoint\",\"urlTemplate\":\"https:\/\/dev-lalgbtcenter.pantheonsite.io\/?s={search_term_string}\"},\"query-input\":\"required name=search_term_string\"}],\"inLanguage\":\"es-ES\"}]}<\/script>\n<!-- \/ Yoast SEO plugin. -->","yoast_head_json":{"title":"Condiciones del servicio SMS - Los Angeles LGBT Center","robots":{"index":"index","follow":"follow","max-snippet":"max-snippet:-1","max-image-preview":"max-image-preview:large","max-video-preview":"max-video-preview:-1"},"canonical":"https:\/\/lalgbtcenter.org\/es\/condiciones-del-servicio-sms\/","og_locale":"es_ES","og_type":"article","og_title":"Condiciones del servicio SMS - Los Angeles LGBT Center","og_description":"Fecha de entrada en vigor: 20 de julio de 2022.","og_url":"https:\/\/lalgbtcenter.org\/es\/condiciones-del-servicio-sms\/","og_site_name":"Los Angeles LGBT Center","article_modified_time":"2024-04-10T20:08:53+00:00","og_image":[{"url":"https:\/\/lalgbtcenter.org\/wp-content\/uploads\/2023\/08\/051323_ZEV_WebsiteShoot_Day2_216-1024x683.jpg"}],"twitter_card":"summary_large_image","twitter_misc":{"Est. reading time":"1 minute"},"schema":{"@context":"https:\/\/schema.org","@graph":[{"@type":"WebPage","@id":"https:\/\/lalgbtcenter.org\/es\/condiciones-del-servicio-sms\/","url":"https:\/\/lalgbtcenter.org\/es\/condiciones-del-servicio-sms\/","name":"Condiciones del servicio SMS - Los Angeles LGBT Center","isPartOf":{"@id":"https:\/\/dev-lalgbtcenter.pantheonsite.io\/#website"},"datePublished":"2023-08-16T09:07:04+00:00","dateModified":"2024-04-10T20:08:53+00:00","inLanguage":"es-ES","potentialAction":[{"@type":"ReadAction","target":["https:\/\/lalgbtcenter.org\/es\/condiciones-del-servicio-sms\/"]}]},{"@type":"WebSite","@id":"https:\/\/dev-lalgbtcenter.pantheonsite.io\/#website","url":"https:\/\/dev-lalgbtcenter.pantheonsite.io\/","name":"Los Angeles LGBT Center","description":"","potentialAction":[{"@type":"SearchAction","target":{"@type":"EntryPoint","urlTemplate":"https:\/\/dev-lalgbtcenter.pantheonsite.io\/?s={search_term_string}"},"query-input":"required name=search_term_string"}],"inLanguage":"es-ES"}]}},"_links":{"self":[{"href":"https:\/\/lalgbtcenter.org\/es\/wp-json\/wp\/v2\/pages\/22517"}],"collection":[{"href":"https:\/\/lalgbtcenter.org\/es\/wp-json\/wp\/v2\/pages"}],"about":[{"href":"https:\/\/lalgbtcenter.org\/es\/wp-json\/wp\/v2\/types\/page"}],"author":[{"embeddable":true,"href":"https:\/\/lalgbtcenter.org\/es\/wp-json\/wp\/v2\/users\/34"}],"replies":[{"embeddable":true,"href":"https:\/\/lalgbtcenter.org\/es\/wp-json\/wp\/v2\/comments?post=22517"}],"version-history":[{"count":1,"href":"https:\/\/lalgbtcenter.org\/es\/wp-json\/wp\/v2\/pages\/22517\/revisions"}],"predecessor-version":[{"id":22521,"href":"https:\/\/lalgbtcenter.org\/es\/wp-json\/wp\/v2\/pages\/22517\/revisions\/22521"}],"wp:attachment":[{"href":"https:\/\/lalgbtcenter.org\/es\/wp-json\/wp\/v2\/media?parent=22517"}],"wp:term":[{"taxonomy":"category","embeddable":true,"href":"https:\/\/lalgbtcenter.org\/es\/wp-json\/wp\/v2\/categories?post=22517"},{"taxonomy":"post_tag","embeddable":true,"href":"https:\/\/lalgbtcenter.org\/es\/wp-json\/wp\/v2\/tags?post=22517"}],"curies":[{"name":"wp","href":"https:\/\/api.w.org\/{rel}","templated":true}]}}