{"id":22486,"date":"2023-08-08T11:57:24","date_gmt":"2023-08-08T18:57:24","guid":{"rendered":"https:\/\/lalgbtcenter.org\/declaracion-de-accesibilidad\/"},"modified":"2024-04-10T13:08:27","modified_gmt":"2024-04-10T20:08:27","slug":"declaracion-de-accesibilidad","status":"publish","type":"page","link":"https:\/\/lalgbtcenter.org\/es\/declaracion-de-accesibilidad\/","title":{"rendered":"Declaraci\u00f3n de accesibilidad"},"content":{"rendered":"\n\n<section class=\"container-full-width mt-24 mb-32 relative\">\n  \n<div class=\"relative\">\n    <div class=\"container relative\">\n    <div class=\"grid grid-cols-1 md:grid-cols-2 gap-24 md:gap-160\">\n      <div class=\"relative flex flex-col gap-4 md:gap-20\">\n                          <h1 class=\"heading-xl uppercase\">Declaraci\u00f3n de accesibilidad<\/h1>\n              <\/div>\n      <div class=\"flex flex-col gap-24 md:gap-32 items-start\">\n                  <div class=\"body-md heir-a:underline rich-text\"><p>Queremos que todos los que visiten el sitio web del Centro LGBT de Los \u00c1ngeles se sientan bienvenidos y encuentren la experiencia gratificante.<\/p>\n<\/div>\n                          \n  <a   href=\"mailto:webmaster@lalgbtcenter.org\" class=\"button inline-flex items-center justify-center body-sm-bold pb-2 border-b-2 border-transparent transition hover:border-black focus:outline focus:outline-offset-4 focus:outline-black disabled:bg-black-60 !justify-start\" target=\"_self\">\n    P\u00f3ngase en contacto con nosotros          \n<svg class=\"w-12 fill-black rotate-180 ml-10\" width=\"16\" height=\"16\" viewBox=\"0 0 16 16\" fill=\"none\" xmlns=\"http:\/\/www.w3.org\/2000\/svg\" fill=\"currentColor\">\n  <path fill-rule=\"evenodd\" clip-rule=\"evenodd\" d=\"m5.973 7.063 3.648-3.649L8.207 2l-5.5 5.5L2 8.207l.707.707 5.5 5.5L9.621 13 5.684 9.063h8.328v-2H5.973z\" \/>\n<\/svg>          <\/a>\n              <\/div>\n    <\/div>\n  <\/div>\n<\/div><\/section>\n\n<section class=\"w-full\">\n  \n<div class=\"relative my-64 md:mt-110 md:mb-105\">\n  \n  <div class=\"flex flex-col md:flex-row gap-32 items-start justify-between\">\n    <div class=\"w-full md:max-w-[540px]\">\n              <div class=\"w-full pb-24 mb-24 md:mb-32 border-b border-black\/30 last:pb-0 last:mb-0 last:border-none\">\n          <h3 class=\"!pl-0 !mb-8 md:!mb-12 !heading-md !leading-none\">\n            \u00bfQu\u00e9 estamos haciendo?          <\/h3>\n          <p class=\"body-md\">\n            Para ayudarnos a hacer del sitio web lalgbtcenter.org un lugar positivo para todos, utilizamos las Pautas de Accesibilidad al Contenido en la Web (WCAG) 2.0. Estas directrices explican c\u00f3mo hacer que los contenidos web sean m\u00e1s accesibles para las personas con discapacidad y, por tanto, f\u00e1ciles de usar para todos. Las directrices tienen tres niveles de accesibilidad (A, AA y AAA). Hemos elegido el nivel AA como objetivo para el sitio web lalgbtcenter.org.          <\/p>\n        <\/div>\n              <div class=\"w-full pb-24 mb-24 md:mb-32 border-b border-black\/30 last:pb-0 last:mb-0 last:border-none\">\n          <h3 class=\"!pl-0 !mb-8 md:!mb-12 !heading-md !leading-none\">\n            \u00bfC\u00f3mo vamos?          <\/h3>\n          <p class=\"body-md\">\n            Hemos trabajado mucho en el sitio web lalgbtcenter.org y creemos haber alcanzado nuestro objetivo de accesibilidad de nivel AA. Supervisamos regularmente el sitio web para mantenerlo, pero si encuentra alg\u00fan problema, p\u00f3ngase en contacto con nosotros.          <\/p>\n        <\/div>\n              <div class=\"w-full pb-24 mb-24 md:mb-32 border-b border-black\/30 last:pb-0 last:mb-0 last:border-none\">\n          <h3 class=\"!pl-0 !mb-8 md:!mb-12 !heading-md !leading-none\">\n            D\u00edganos lo que piensa.          <\/h3>\n          <p class=\"body-md\">\n            Si ha disfrutado utilizando el sitio web lalgbtcenter.org, o si ha tenido problemas con alguna parte del mismo, p\u00f3ngase en contacto con nosotros directamente en webmaster@mediarelations.org.            <\/p>\n        <\/div>\n          <\/div>\n          <img class=\"w-full md:w-[40%] sticky top-[145px] rounded-10 object-cover aspect-square\" src='https:\/\/lalgbtcenter.org\/app\/uploads\/2023\/08\/063023_SeniorProm_188-819x1024.jpg' srcset='https:\/\/lalgbtcenter.org\/app\/uploads\/2023\/08\/063023_SeniorProm_188-819x1024.jpg 819w, https:\/\/lalgbtcenter.org\/app\/uploads\/2023\/08\/063023_SeniorProm_188-240x300.jpg 240w, https:\/\/lalgbtcenter.org\/app\/uploads\/2023\/08\/063023_SeniorProm_188-768x960.jpg 768w, https:\/\/lalgbtcenter.org\/app\/uploads\/2023\/08\/063023_SeniorProm_188-1229x1536.jpg 1229w, https:\/\/lalgbtcenter.org\/app\/uploads\/2023\/08\/063023_SeniorProm_188-1638x2048.jpg 1638w, https:\/\/lalgbtcenter.org\/app\/uploads\/2023\/08\/063023_SeniorProm_188-1x1.jpg 1w, https:\/\/lalgbtcenter.org\/app\/uploads\/2023\/08\/063023_SeniorProm_188-230x288.jpg 230w, https:\/\/lalgbtcenter.org\/app\/uploads\/2023\/08\/063023_SeniorProm_188-550x688.jpg 550w, https:\/\/lalgbtcenter.org\/app\/uploads\/2023\/08\/063023_SeniorProm_188-900x1125.jpg 900w, https:\/\/lalgbtcenter.org\/app\/uploads\/2023\/08\/063023_SeniorProm_188-1130x1413.jpg 1130w, https:\/\/lalgbtcenter.org\/app\/uploads\/2023\/08\/063023_SeniorProm_188-1280x1600.jpg 1280w, https:\/\/lalgbtcenter.org\/app\/uploads\/2023\/08\/063023_SeniorProm_188-1460x1825.jpg 1460w, https:\/\/lalgbtcenter.org\/app\/uploads\/2023\/08\/063023_SeniorProm_188-scaled.jpg 2048w' alt='' loading='lazy' sizes='(min-width: 834px) 37vw, 90vw' alt=\"\">\n      <\/div>\n<\/div><\/section>\n\n<section class=\"container-full-width bg-tanDark\">\n  \n  <div class=\"py-56 lg:py-64 relative\">\n    <div class=\"container\">\n      <div class=\"pb-25 lg:pb-40\">\n        <h4 class=\"heading-lg\">\n          Le puede interesar        <\/h4>\n      <\/div>\n    <\/div>\n\n    <div class=\"container\">\n      <div class=\"grid md:grid-cols-2 gap-24 md:gap-32\">\n        \n          <div class=\"aspect-video overflow-hidden rounded-lg relative heir-img:hover:scale-110 heir-img:transition-transform\">\n                          <a href=\"https:\/\/lalgbtcenter.org\/es\/services\/servicios-medicos\/\">\n                <h4 class=\"absolute z-10 bottom-24 left-24 heading-sm-bold text-white\">Servicios m\u00e9dicos<\/h4>\n                                                    <img class=\"w-full aspect-video rounded-lg object-cover\" src='https:\/\/lalgbtcenter.org\/app\/uploads\/2023\/07\/services-sexual-health-services-recirc-1-1024x577.png' srcset='https:\/\/lalgbtcenter.org\/app\/uploads\/2023\/07\/services-sexual-health-services-recirc-1-1024x577.png 1024w, https:\/\/lalgbtcenter.org\/app\/uploads\/2023\/07\/services-sexual-health-services-recirc-1-300x169.png 300w, https:\/\/lalgbtcenter.org\/app\/uploads\/2023\/07\/services-sexual-health-services-recirc-1-768x433.png 768w, https:\/\/lalgbtcenter.org\/app\/uploads\/2023\/07\/services-sexual-health-services-recirc-1-1x1.png 1w, https:\/\/lalgbtcenter.org\/app\/uploads\/2023\/07\/services-sexual-health-services-recirc-1-230x130.png 230w, https:\/\/lalgbtcenter.org\/app\/uploads\/2023\/07\/services-sexual-health-services-recirc-1-550x310.png 550w, https:\/\/lalgbtcenter.org\/app\/uploads\/2023\/07\/services-sexual-health-services-recirc-1-900x507.png 900w, https:\/\/lalgbtcenter.org\/app\/uploads\/2023\/07\/services-sexual-health-services-recirc-1.png 1090w' alt='' loading='lazy' sizes='(min-width: 834px) 545px, 92vw'>\n                                <div class=\"w-full h-1\/2 rounded-lg bg-gradient-to-t from-black to-transparent absolute bottom-0\"><\/div>\n              <\/a>\n                      <\/div>\n        \n          <div class=\"aspect-video overflow-hidden rounded-lg relative heir-img:hover:scale-110 heir-img:transition-transform\">\n                          <a href=\"https:\/\/lalgbtcenter.org\/es\/services\/vivienda-2\/\">\n                <h4 class=\"absolute z-10 bottom-24 left-24 heading-sm-bold text-white\">Vivienda<\/h4>\n                                                    <img class=\"w-full aspect-video rounded-lg object-cover\" src='https:\/\/lalgbtcenter.org\/app\/uploads\/2023\/08\/032823_GalaSizzle_Stills_105-1024x683.jpg' srcset='https:\/\/lalgbtcenter.org\/app\/uploads\/2023\/08\/032823_GalaSizzle_Stills_105-1024x683.jpg 1024w, https:\/\/lalgbtcenter.org\/app\/uploads\/2023\/08\/032823_GalaSizzle_Stills_105-300x200.jpg 300w, https:\/\/lalgbtcenter.org\/app\/uploads\/2023\/08\/032823_GalaSizzle_Stills_105-768x512.jpg 768w, https:\/\/lalgbtcenter.org\/app\/uploads\/2023\/08\/032823_GalaSizzle_Stills_105-1536x1024.jpg 1536w, https:\/\/lalgbtcenter.org\/app\/uploads\/2023\/08\/032823_GalaSizzle_Stills_105-2048x1365.jpg 2048w, https:\/\/lalgbtcenter.org\/app\/uploads\/2023\/08\/032823_GalaSizzle_Stills_105-1x1.jpg 1w, https:\/\/lalgbtcenter.org\/app\/uploads\/2023\/08\/032823_GalaSizzle_Stills_105-230x153.jpg 230w, https:\/\/lalgbtcenter.org\/app\/uploads\/2023\/08\/032823_GalaSizzle_Stills_105-550x367.jpg 550w, https:\/\/lalgbtcenter.org\/app\/uploads\/2023\/08\/032823_GalaSizzle_Stills_105-900x600.jpg 900w, https:\/\/lalgbtcenter.org\/app\/uploads\/2023\/08\/032823_GalaSizzle_Stills_105-1130x753.jpg 1130w, https:\/\/lalgbtcenter.org\/app\/uploads\/2023\/08\/032823_GalaSizzle_Stills_105-1280x853.jpg 1280w, https:\/\/lalgbtcenter.org\/app\/uploads\/2023\/08\/032823_GalaSizzle_Stills_105-1460x973.jpg 1460w' alt='' loading='lazy' sizes='(min-width: 834px) 545px, 92vw'>\n                                <div class=\"w-full h-1\/2 rounded-lg bg-gradient-to-t from-black to-transparent absolute bottom-0\"><\/div>\n              <\/a>\n                      <\/div>\n              <\/div>\n    <\/div>\n  <\/div>\n<\/section>","protected":false},"excerpt":{"rendered":"<p>Queremos que todos los que visiten el sitio web del Centro LGBT de Los \u00c1ngeles se sientan bienvenidos y encuentren la experiencia gratificante.<\/p>\n","protected":false},"author":29,"featured_media":21512,"parent":0,"menu_order":0,"comment_status":"closed","ping_status":"closed","template":"","meta":{"footnotes":""},"categories":[],"tags":[],"class_list":["post-22486","page","type-page","status-publish","has-post-thumbnail","hentry"],"acf":[],"yoast_head":"<!-- This site is optimized with the Yoast SEO plugin v20.13 - https:\/\/yoast.com\/wordpress\/plugins\/seo\/ -->\n<title>Declaraci\u00f3n de accesibilidad - Los Angeles LGBT Center<\/title>\n<meta name=\"description\" content=\"Queremos que todos los que visiten el sitio web del Centro LGBT de Los \u00c1ngeles se sientan bienvenidos y encuentren la experiencia gratificante.\" \/>\n<meta name=\"robots\" content=\"index, follow, max-snippet:-1, max-image-preview:large, max-video-preview:-1\" \/>\n<link rel=\"canonical\" href=\"https:\/\/lalgbtcenter.org\/es\/declaracion-de-accesibilidad\/\" \/>\n<meta property=\"og:locale\" content=\"es_ES\" \/>\n<meta property=\"og:type\" content=\"article\" \/>\n<meta property=\"og:title\" content=\"Declaraci\u00f3n de accesibilidad - Los Angeles LGBT Center\" \/>\n<meta property=\"og:description\" content=\"Queremos que todos los que visiten el sitio web del Centro LGBT de Los \u00c1ngeles se sientan bienvenidos y encuentren la experiencia gratificante.\" \/>\n<meta property=\"og:url\" content=\"https:\/\/lalgbtcenter.org\/es\/declaracion-de-accesibilidad\/\" \/>\n<meta property=\"og:site_name\" content=\"Los Angeles LGBT Center\" \/>\n<meta property=\"article:modified_time\" content=\"2024-04-10T20:08:27+00:00\" \/>\n<meta property=\"og:image\" content=\"https:\/\/lalgbtcenter.org\/app\/uploads\/2023\/08\/063023_SeniorProm_188-scaled.jpg\" \/>\n\t<meta property=\"og:image:width\" content=\"2048\" \/>\n\t<meta property=\"og:image:height\" content=\"2560\" \/>\n\t<meta property=\"og:image:type\" content=\"image\/jpeg\" \/>\n<meta name=\"twitter:card\" content=\"summary_large_image\" \/>\n<script type=\"application\/ld+json\" class=\"yoast-schema-graph\">{\"@context\":\"https:\/\/schema.org\",\"@graph\":[{\"@type\":\"WebPage\",\"@id\":\"https:\/\/lalgbtcenter.org\/es\/declaracion-de-accesibilidad\/\",\"url\":\"https:\/\/lalgbtcenter.org\/es\/declaracion-de-accesibilidad\/\",\"name\":\"Declaraci\u00f3n de accesibilidad - Los Angeles LGBT Center\",\"isPartOf\":{\"@id\":\"https:\/\/dev-lalgbtcenter.pantheonsite.io\/#website\"},\"datePublished\":\"2023-08-08T18:57:24+00:00\",\"dateModified\":\"2024-04-10T20:08:27+00:00\",\"description\":\"Queremos que todos los que visiten el sitio web del Centro LGBT de Los \u00c1ngeles se sientan bienvenidos y encuentren la experiencia gratificante.\",\"inLanguage\":\"es-ES\",\"potentialAction\":[{\"@type\":\"ReadAction\",\"target\":[\"https:\/\/lalgbtcenter.org\/es\/declaracion-de-accesibilidad\/\"]}]},{\"@type\":\"WebSite\",\"@id\":\"https:\/\/dev-lalgbtcenter.pantheonsite.io\/#website\",\"url\":\"https:\/\/dev-lalgbtcenter.pantheonsite.io\/\",\"name\":\"Los Angeles LGBT Center\",\"description\":\"\",\"potentialAction\":[{\"@type\":\"SearchAction\",\"target\":{\"@type\":\"EntryPoint\",\"urlTemplate\":\"https:\/\/dev-lalgbtcenter.pantheonsite.io\/?s={search_term_string}\"},\"query-input\":\"required name=search_term_string\"}],\"inLanguage\":\"es-ES\"}]}<\/script>\n<!-- \/ Yoast SEO plugin. -->","yoast_head_json":{"title":"Declaraci\u00f3n de accesibilidad - Los Angeles LGBT Center","description":"Queremos que todos los que visiten el sitio web del Centro LGBT de Los \u00c1ngeles se sientan bienvenidos y encuentren la experiencia gratificante.","robots":{"index":"index","follow":"follow","max-snippet":"max-snippet:-1","max-image-preview":"max-image-preview:large","max-video-preview":"max-video-preview:-1"},"canonical":"https:\/\/lalgbtcenter.org\/es\/declaracion-de-accesibilidad\/","og_locale":"es_ES","og_type":"article","og_title":"Declaraci\u00f3n de accesibilidad - Los Angeles LGBT Center","og_description":"Queremos que todos los que visiten el sitio web del Centro LGBT de Los \u00c1ngeles se sientan bienvenidos y encuentren la experiencia gratificante.","og_url":"https:\/\/lalgbtcenter.org\/es\/declaracion-de-accesibilidad\/","og_site_name":"Los Angeles LGBT Center","article_modified_time":"2024-04-10T20:08:27+00:00","og_image":[{"width":2048,"height":2560,"url":"https:\/\/lalgbtcenter.org\/app\/uploads\/2023\/08\/063023_SeniorProm_188-scaled.jpg","type":"image\/jpeg"}],"twitter_card":"summary_large_image","schema":{"@context":"https:\/\/schema.org","@graph":[{"@type":"WebPage","@id":"https:\/\/lalgbtcenter.org\/es\/declaracion-de-accesibilidad\/","url":"https:\/\/lalgbtcenter.org\/es\/declaracion-de-accesibilidad\/","name":"Declaraci\u00f3n de accesibilidad - Los Angeles LGBT Center","isPartOf":{"@id":"https:\/\/dev-lalgbtcenter.pantheonsite.io\/#website"},"datePublished":"2023-08-08T18:57:24+00:00","dateModified":"2024-04-10T20:08:27+00:00","description":"Queremos que todos los que visiten el sitio web del Centro LGBT de Los \u00c1ngeles se sientan bienvenidos y encuentren la experiencia gratificante.","inLanguage":"es-ES","potentialAction":[{"@type":"ReadAction","target":["https:\/\/lalgbtcenter.org\/es\/declaracion-de-accesibilidad\/"]}]},{"@type":"WebSite","@id":"https:\/\/dev-lalgbtcenter.pantheonsite.io\/#website","url":"https:\/\/dev-lalgbtcenter.pantheonsite.io\/","name":"Los Angeles LGBT Center","description":"","potentialAction":[{"@type":"SearchAction","target":{"@type":"EntryPoint","urlTemplate":"https:\/\/dev-lalgbtcenter.pantheonsite.io\/?s={search_term_string}"},"query-input":"required name=search_term_string"}],"inLanguage":"es-ES"}]}},"_links":{"self":[{"href":"https:\/\/lalgbtcenter.org\/es\/wp-json\/wp\/v2\/pages\/22486"}],"collection":[{"href":"https:\/\/lalgbtcenter.org\/es\/wp-json\/wp\/v2\/pages"}],"about":[{"href":"https:\/\/lalgbtcenter.org\/es\/wp-json\/wp\/v2\/types\/page"}],"author":[{"embeddable":true,"href":"https:\/\/lalgbtcenter.org\/es\/wp-json\/wp\/v2\/users\/29"}],"replies":[{"embeddable":true,"href":"https:\/\/lalgbtcenter.org\/es\/wp-json\/wp\/v2\/comments?post=22486"}],"version-history":[{"count":1,"href":"https:\/\/lalgbtcenter.org\/es\/wp-json\/wp\/v2\/pages\/22486\/revisions"}],"predecessor-version":[{"id":22487,"href":"https:\/\/lalgbtcenter.org\/es\/wp-json\/wp\/v2\/pages\/22486\/revisions\/22487"}],"wp:featuredmedia":[{"embeddable":true,"href":"https:\/\/lalgbtcenter.org\/es\/wp-json\/wp\/v2\/media\/21512"}],"wp:attachment":[{"href":"https:\/\/lalgbtcenter.org\/es\/wp-json\/wp\/v2\/media?parent=22486"}],"wp:term":[{"taxonomy":"category","embeddable":true,"href":"https:\/\/lalgbtcenter.org\/es\/wp-json\/wp\/v2\/categories?post=22486"},{"taxonomy":"post_tag","embeddable":true,"href":"https:\/\/lalgbtcenter.org\/es\/wp-json\/wp\/v2\/tags?post=22486"}],"curies":[{"name":"wp","href":"https:\/\/api.w.org\/{rel}","templated":true}]}}