{"id":22435,"date":"2023-09-28T09:00:37","date_gmt":"2023-09-28T16:00:37","guid":{"rendered":"https:\/\/lalgbtcenter.org\/participa\/"},"modified":"2024-04-10T13:08:02","modified_gmt":"2024-04-10T20:08:02","slug":"participa","status":"publish","type":"page","link":"https:\/\/lalgbtcenter.org\/es\/participa\/","title":{"rendered":"Participa"},"content":{"rendered":"\n\n<section class=\"container-full-width mt-24 mb-32 relative\">\n  \n<div class=\"relative\">\n    <div class=\"container relative\">\n    <div class=\"grid grid-cols-1 md:grid-cols-2 gap-24 md:gap-160\">\n      <div class=\"relative flex flex-col gap-4 md:gap-20\">\n                          <h1 class=\"heading-xl uppercase\">Participa<\/h1>\n              <\/div>\n      <div class=\"flex flex-col gap-24 md:gap-32 items-start\">\n                  <div class=\"body-md heir-a:underline rich-text\"><p>\u00danete a nuestra misi\u00f3n de cuidar, defender y celebrar a las personas y familias LGBTQ+ de Los \u00c1ngeles y alrededores. Ofr\u00e9zcase como voluntario, \u00fanase a una campa\u00f1a de base o convi\u00e9rtase en mentor. Tu participaci\u00f3n ayuda a potenciar el cambio y a hacer avanzar los derechos de las personas LGBTQ+ en todo el mundo.<\/p>\n<\/div>\n                      <\/div>\n    <\/div>\n  <\/div>\n<\/div><\/section>\n\n\n<section class=\"block block-collection-sticky-image w-full\" data-collection-sticky-image>\n  <div class=\"relative mt-56 mb-80 md:mt-80 md:mb-112\">\n          <h2 class=\"heading-lg mb-32 md:mb-40\">Formas de participar<\/h2>\n    \n    <div class=\"flex flex-col md:flex-row gap-32 items-start justify-between\">\n      <div class=\"w-full md:max-w-[540px]\">\n                    <div class=\"collection-item w-full pb-24 pt-24 md:pt-32 border-b border-black\/30 last:pb-0 last:mb-0 last:border-none first:pt-0 transition-all opacity-50\" data-featured-img=\"https:\/\/lalgbtcenter.org\/app\/uploads\/2023\/08\/060423_WeHoPride_081-1024x683.jpg\">\n              <div class=\"flex justify-between mb-16 md:mb-8 \">\n                <h3 class=\"collection-title heading-sm-bold leading-none relative\">\n                  <span class=\"dot hidden absolute bg-black rounded w-8 h-8 -left-[24px] top-[8px]\"><\/span>\n                  Programa de tutor\u00eda Lifeworks                <\/h3>\n                <a class=\"hover:underline body-link-sm-bold flex items-center\" href=\"https:\/\/lalgbtcenter.org\/es\/services\/servicios-para-la-juventud\/programa-de-tutoria-lifeworks\/\">\n                  Ver                  <svg class=\"ml-8\" width=\"16\" height=\"16\" viewBox=\"0 0 16 16\" xmlns=\"http:\/\/www.w3.org\/2000\/svg\"\n  fill=\"currentColor\">\n  <path fill-rule=\"evenodd\" clip-rule=\"evenodd\"\n    d=\"M10.04 7.063 6.39 3.414 7.806 2l5.5 5.5.707.707-.707.707-5.5 5.5L6.391 13l3.937-3.937H2v-2h8.04z\" \/>\n<\/svg>                <\/a>\n              <\/div>\n\n              <div class=\"body-md flex items-center flex-wrap\">\n                                  <div class=\"line-clamp-2\">\n                    LifeWorks ofrece a los j\u00f3venes la oportunidad de emparejarse con un adulto que les apoyar\u00e1 en su desarrollo personal.                  <\/div>\n                              <\/div>\n            <\/div>\n                      <div class=\"collection-item w-full pb-24 pt-24 md:pt-32 border-b border-black\/30 last:pb-0 last:mb-0 last:border-none first:pt-0 transition-all opacity-50\" data-featured-img=\"\">\n              <div class=\"flex justify-between mb-16 md:mb-8 \">\n                <h3 class=\"collection-title heading-sm-bold leading-none relative\">\n                  <span class=\"dot hidden absolute bg-black rounded w-8 h-8 -left-[24px] top-[8px]\"><\/span>\n                  Espacios                <\/h3>\n                <a class=\"hover:underline body-link-sm-bold flex items-center\" href=\"https:\/\/lalgbtcenter.org\/es\/espacios\/\">\n                  Ver                  <svg class=\"ml-8\" width=\"16\" height=\"16\" viewBox=\"0 0 16 16\" xmlns=\"http:\/\/www.w3.org\/2000\/svg\"\n  fill=\"currentColor\">\n  <path fill-rule=\"evenodd\" clip-rule=\"evenodd\"\n    d=\"M10.04 7.063 6.39 3.414 7.806 2l5.5 5.5.707.707-.707.707-5.5 5.5L6.391 13l3.937-3.937H2v-2h8.04z\" \/>\n<\/svg>                <\/a>\n              <\/div>\n\n              <div class=\"body-md flex items-center flex-wrap\">\n                                  <div class=\"line-clamp-2\">\n                    \u00bfLe interesa celebrar su pr\u00f3ximo acto en el Centro LGBT de Los \u00c1ngeles? M\u00e1s informaci\u00f3n sobre nuestros espacios disponibles para alquiler.                  <\/div>\n                              <\/div>\n            <\/div>\n                      <div class=\"collection-item w-full pb-24 pt-24 md:pt-32 border-b border-black\/30 last:pb-0 last:mb-0 last:border-none first:pt-0 transition-all opacity-50\" data-featured-img=\"https:\/\/lalgbtcenter.org\/app\/uploads\/2023\/06\/Models-of-Pride-2022-signup-1.jpg\">\n              <div class=\"flex justify-between mb-16 md:mb-8 \">\n                <h3 class=\"collection-title heading-sm-bold leading-none relative\">\n                  <span class=\"dot hidden absolute bg-black rounded w-8 h-8 -left-[24px] top-[8px]\"><\/span>\n                  Voluntario                <\/h3>\n                <a class=\"hover:underline body-link-sm-bold flex items-center\" href=\"https:\/\/lalgbtcenter.org\/es\/participa\/voluntario\/\">\n                  Ver                  <svg class=\"ml-8\" width=\"16\" height=\"16\" viewBox=\"0 0 16 16\" xmlns=\"http:\/\/www.w3.org\/2000\/svg\"\n  fill=\"currentColor\">\n  <path fill-rule=\"evenodd\" clip-rule=\"evenodd\"\n    d=\"M10.04 7.063 6.39 3.414 7.806 2l5.5 5.5.707.707-.707.707-5.5 5.5L6.391 13l3.937-3.937H2v-2h8.04z\" \/>\n<\/svg>                <\/a>\n              <\/div>\n\n              <div class=\"body-md flex items-center flex-wrap\">\n                                  <div class=\"line-clamp-2\">\n                    Nuestros actos, programas y servicios cuentan con el apoyo de un grupo de voluntarios comprometidos con nuestra misi\u00f3n.                  <\/div>\n                              <\/div>\n            <\/div>\n                      <div class=\"collection-item w-full pb-24 pt-24 md:pt-32 border-b border-black\/30 last:pb-0 last:mb-0 last:border-none first:pt-0 transition-all opacity-50\" data-featured-img=\"https:\/\/lalgbtcenter.org\/app\/uploads\/2023\/08\/032823_GalaSizzle_Stills_078-1024x683.jpg\">\n              <div class=\"flex justify-between mb-16 md:mb-8 \">\n                <h3 class=\"collection-title heading-sm-bold leading-none relative\">\n                  <span class=\"dot hidden absolute bg-black rounded w-8 h-8 -left-[24px] top-[8px]\"><\/span>\n                  Compromiso empresarial                <\/h3>\n                <a class=\"hover:underline body-link-sm-bold flex items-center\" href=\"https:\/\/lalgbtcenter.org\/es\/participa\/compromiso-empresarial\/\">\n                  Ver                  <svg class=\"ml-8\" width=\"16\" height=\"16\" viewBox=\"0 0 16 16\" xmlns=\"http:\/\/www.w3.org\/2000\/svg\"\n  fill=\"currentColor\">\n  <path fill-rule=\"evenodd\" clip-rule=\"evenodd\"\n    d=\"M10.04 7.063 6.39 3.414 7.806 2l5.5 5.5.707.707-.707.707-5.5 5.5L6.391 13l3.937-3.937H2v-2h8.04z\" \/>\n<\/svg>                <\/a>\n              <\/div>\n\n              <div class=\"body-md flex items-center flex-wrap\">\n                                  <div class=\"line-clamp-2\">\n                    Nuestras empresas colaboradoras se unen a nosotros en la construcci\u00f3n de un mundo en el que las personas LGBT prosperen como miembros sanos, iguales y completos de la sociedad.                  <\/div>\n                              <\/div>\n            <\/div>\n                      <div class=\"collection-item w-full pb-24 pt-24 md:pt-32 border-b border-black\/30 last:pb-0 last:mb-0 last:border-none first:pt-0 transition-all opacity-50\" data-featured-img=\"https:\/\/lalgbtcenter.org\/app\/uploads\/2023\/08\/230701LALGBTCenter_SeniorProm_1303-1024x683.jpg\">\n              <div class=\"flex justify-between mb-16 md:mb-8 \">\n                <h3 class=\"collection-title heading-sm-bold leading-none relative\">\n                  <span class=\"dot hidden absolute bg-black rounded w-8 h-8 -left-[24px] top-[8px]\"><\/span>\n                  Hacer un legado                <\/h3>\n                <a class=\"hover:underline body-link-sm-bold flex items-center\" href=\"https:\/\/lalgbtcenter.org\/es\/participa\/hacer-un-legado\/\">\n                  Ver                  <svg class=\"ml-8\" width=\"16\" height=\"16\" viewBox=\"0 0 16 16\" xmlns=\"http:\/\/www.w3.org\/2000\/svg\"\n  fill=\"currentColor\">\n  <path fill-rule=\"evenodd\" clip-rule=\"evenodd\"\n    d=\"M10.04 7.063 6.39 3.414 7.806 2l5.5 5.5.707.707-.707.707-5.5 5.5L6.391 13l3.937-3.937H2v-2h8.04z\" \/>\n<\/svg>                <\/a>\n              <\/div>\n\n              <div class=\"body-md flex items-center flex-wrap\">\n                                  <div class=\"line-clamp-2\">\n                    El C\u00edrculo de la Vida es un grupo especial de simpatizantes que constituyen una fuerza imparable en la misi\u00f3n del Centro.                  <\/div>\n                              <\/div>\n            <\/div>\n                      <div class=\"collection-item w-full pb-24 pt-24 md:pt-32 border-b border-black\/30 last:pb-0 last:mb-0 last:border-none first:pt-0 transition-all opacity-50\" data-featured-img=\"https:\/\/lalgbtcenter.org\/app\/uploads\/2023\/07\/041723_LDOA_101_896x896.jpg\">\n              <div class=\"flex justify-between mb-16 md:mb-8 \">\n                <h3 class=\"collection-title heading-sm-bold leading-none relative\">\n                  <span class=\"dot hidden absolute bg-black rounded w-8 h-8 -left-[24px] top-[8px]\"><\/span>\n                  Pol\u00edtica y defensa                <\/h3>\n                <a class=\"hover:underline body-link-sm-bold flex items-center\" href=\"https:\/\/lalgbtcenter.org\/es\/programs\/politica-y-defensa\/\">\n                  Ver                  <svg class=\"ml-8\" width=\"16\" height=\"16\" viewBox=\"0 0 16 16\" xmlns=\"http:\/\/www.w3.org\/2000\/svg\"\n  fill=\"currentColor\">\n  <path fill-rule=\"evenodd\" clip-rule=\"evenodd\"\n    d=\"M10.04 7.063 6.39 3.414 7.806 2l5.5 5.5.707.707-.707.707-5.5 5.5L6.391 13l3.937-3.937H2v-2h8.04z\" \/>\n<\/svg>                <\/a>\n              <\/div>\n\n              <div class=\"body-md flex items-center flex-wrap\">\n                                  <div class=\"line-clamp-2\">\n                    Campa\u00f1as actuales                  <\/div>\n                              <\/div>\n            <\/div>\n                        <\/div>\n              <img id=\"collection-img-placeholder\" class=\"w-full md:w-[40%] sticky top-[145px] rounded-10 object-cover aspect-square\" src='https:\/\/lalgbtcenter.org\/app\/uploads\/2023\/09\/060423_WeHoPride_036-1024x683.jpg' srcset='https:\/\/lalgbtcenter.org\/app\/uploads\/2023\/09\/060423_WeHoPride_036-1024x683.jpg 1024w, https:\/\/lalgbtcenter.org\/app\/uploads\/2023\/09\/060423_WeHoPride_036-300x200.jpg 300w, https:\/\/lalgbtcenter.org\/app\/uploads\/2023\/09\/060423_WeHoPride_036-768x512.jpg 768w, https:\/\/lalgbtcenter.org\/app\/uploads\/2023\/09\/060423_WeHoPride_036-1536x1024.jpg 1536w, https:\/\/lalgbtcenter.org\/app\/uploads\/2023\/09\/060423_WeHoPride_036-2048x1365.jpg 2048w, https:\/\/lalgbtcenter.org\/app\/uploads\/2023\/09\/060423_WeHoPride_036-1x1.jpg 1w, https:\/\/lalgbtcenter.org\/app\/uploads\/2023\/09\/060423_WeHoPride_036-230x153.jpg 230w, https:\/\/lalgbtcenter.org\/app\/uploads\/2023\/09\/060423_WeHoPride_036-550x367.jpg 550w, https:\/\/lalgbtcenter.org\/app\/uploads\/2023\/09\/060423_WeHoPride_036-900x600.jpg 900w, https:\/\/lalgbtcenter.org\/app\/uploads\/2023\/09\/060423_WeHoPride_036-1130x753.jpg 1130w, https:\/\/lalgbtcenter.org\/app\/uploads\/2023\/09\/060423_WeHoPride_036-1280x853.jpg 1280w, https:\/\/lalgbtcenter.org\/app\/uploads\/2023\/09\/060423_WeHoPride_036-1460x973.jpg 1460w' alt='' loading='lazy' sizes='(min-width: 834px) 36vw, 90vw' alt=\"\">\n          <\/div>\n  <\/div>\n<\/section>\n<h3 class=\"wp-block-heading\">Sus donaciones ayudan mucho. Escuche nuestras historias.<\/h3>\n\n\n<section class=\"w-full pr-0 my-48 md:my-64 child:!pl-0 relative\" data-video-carousel>\n  \n  <!-- Modal -->\n  <div data-modal class=\"modal fade\" id=\"video-carousel-modal-69dafcf029f87\" tabindex=\"-1\" role=\"dialog\" aria-labelledby=\"video-carousel-modal-69dafcf029f87-label\" aria-hidden=\"true\">\n    <div class=\"modal-dialog\" role=\"document\">\n      <div class=\"modal-content\">\n        <div class=\"modal-body\">\n          <div class=\"h-full w-full grid bg-black\/60\" tabindex=\"-1\">\n            <div class=\"m-auto max-w-[1200px] w-[90%] md:w-[75%] relative aspect-video flex flex-col items-center gap-24\">\n              <iframe id=\"modal-iframe\" data-modal-iframe class=\"w-full h-full\" frameborder=\"0\" allow=\"accelerometer; autoplay; clipboard-write; encrypted-media; gyroscope; picture-in-picture\" allowfullscreen><\/iframe>\n              <div data-dismiss=\"modal\" data-slide-modal-close class=\"cursor-pointer flex items-center justify-center rounded-full w-32 h-32 bg-white\">\n                <svg class=\"\" width=\"16\" height=\"16\" viewBox=\"0 0 16 16\" fill=\"currentColor\" xmlns=\"http:\/\/www.w3.org\/2000\/svg\">\n  <path fill-rule=\"evenodd\" clip-rule=\"evenodd\" d=\"M6.586 8 .003 14.583l1.414 1.414L8 9.414l6.583 6.583 1.414-1.414L9.414 8l6.583-6.583L14.583.003 8 6.586 1.417.003.003 1.417 6.586 8z\" \/>\n<\/svg>              <\/div>\n            <\/div>\n          <\/div>\n        <\/div>\n      <\/div>\n    <\/div>\n  <\/div>\n\n  <div data-gradient-color aria-hidden=\"true\" class=\"pointer-events-none blur-lg absolute h-[calc(56vw_+_96px)] md:h-[calc(100%_+_128px)] aspect-square top-1\/2 left-0 top-[30%] md:top-[50%]\">\n  <svg class=\"-translate-x-1\/2 -translate-y-1\/2 w-full h-full opacity-0 transition-opacity\" xmlns=\"http:\/\/www.w3.org\/2000\/svg\" viewBox=\"0 0 200 200\" preserveAspectRatio=\"none\" data-wait-until-load>\n    <defs>\n      <radialGradient id=\"radial-gradient-69dafcf029ff5\" cx=\"50%\" cy=\"50%\" r=\"50%\" fx=\"50%\" fy=\"50%\">\n        <stop offset=\"0%\" style=\"stop-color:white; stop-opacity:1\" \/>\n        <stop offset=\"100%\" style=\"stop-color:white; stop-opacity:0\" \/>\n      <\/radialGradient>\n\n      <linearGradient id=\"linear-gradient-69dafcf029ff5\" x1=\"50%\" y1=\"50%\" x2=\"50%\" y2=\"100%\">\n        <stop offset=\"0%\" style=\"stop-color:#28ea80; stop-opacity:1\" \/>\n        <stop offset=\"100%\" style=\"stop-color:#39d839; stop-opacity:1\" \/>\n      <\/linearGradient>\n\n      <mask id=\"mask-69dafcf029ff5\" x=\"0\" y=\"0\" width=\"100%\" height=\"100%\">\n        <circle cx=\"100\" cy=\"100\" r=\"100\" fill=\"url(#radial-gradient-69dafcf029ff5)\" \/>\n      <\/mask>\n    <\/defs>\n    <rect x=\"0\" y=\"0\" width=\"100%\" height=\"100%\" fill=\"url(#linear-gradient-69dafcf029ff5)\" mask=\"url(#mask-69dafcf029ff5)\" \/>\n  <\/svg>\n<\/div>\n  <div data-swiper class=\"swiper\">\n    <div role=\"list\" class=\"swiper-wrapper mb-16\">\n              <div data-toggle=\"modal\" data-target=\"#video-carousel-modal-69dafcf029f87\" data-src=\"https:\/\/player.vimeo.com\/video\/857695254?autoplay=1\" role=\"listitem\" class=\"swiper-slide\">\n          <div class=\"relative aspect-video cursor-pointer rounded-[8px] overflow-hidden heir-img:hover:scale-110 heir-img:transition-transform\">\n            <div>\n                              <img class=\"object-cover w-full h-full\" src='https:\/\/lalgbtcenter.org\/app\/uploads\/2023\/08\/meet-russ-1024x576.jpeg' srcset='https:\/\/lalgbtcenter.org\/app\/uploads\/2023\/08\/meet-russ-1024x576.jpeg 1024w, https:\/\/lalgbtcenter.org\/app\/uploads\/2023\/08\/meet-russ-300x169.jpeg 300w, https:\/\/lalgbtcenter.org\/app\/uploads\/2023\/08\/meet-russ-768x432.jpeg 768w, https:\/\/lalgbtcenter.org\/app\/uploads\/2023\/08\/meet-russ-1x1.jpeg 1w, https:\/\/lalgbtcenter.org\/app\/uploads\/2023\/08\/meet-russ-230x129.jpeg 230w, https:\/\/lalgbtcenter.org\/app\/uploads\/2023\/08\/meet-russ-550x309.jpeg 550w, https:\/\/lalgbtcenter.org\/app\/uploads\/2023\/08\/meet-russ-900x506.jpeg 900w, https:\/\/lalgbtcenter.org\/app\/uploads\/2023\/08\/meet-russ-1130x636.jpeg 1130w, https:\/\/lalgbtcenter.org\/app\/uploads\/2023\/08\/meet-russ.jpeg 1280w' alt='' loading='lazy' sizes='(min-width: 834px) 90vw, 92vw' alt=\"\">\n                            <div class=\"absolute top-0 left-0 w-full h-full bg-gradient-to-b from-transparent to-black opacity-75\"><\/div>\n            <\/div>\n            <div class=\"absolute w-full h-full flex bottom-0 p-24 heir:!pl-0 text-white\">\n              <div class=\"w-full flex gap-24 justify-center items-center md:justify-between md:items-end\">\n                <div class=\"hidden md:block\">\n                  <span class=\"block mb-8 body-legal\">Ver \u2022 3:09 <\/span>\n                  <h4 class=\"heading-md !m-0 !leading-none\">Centra tu historia: Conoce a Russ<\/h4>\n                                      <div class=\"body-md line-clamp-4\">\n                      Conozca a Russ, un veterano voluntario que ayuda a nuestros clientes a construir una comunidad a trav\u00e9s del baile, clase a clase.                    <\/div>\n                                  <\/div>\n                <svg class=\"w-48 flex-shrink-0\" width=\"48\" height=\"48\" viewBox=\"0 0 48 48\" fill=\"none\" xmlns=\"http:\/\/www.w3.org\/2000\/svg\">\n  <rect width=\"100%\" height=\"100%\" rx=\"24\" fill=\"#fff\" \/>\n  <path d=\"M19 29.235V18.717a1 1 0 0 1 1.494-.87l9.015 5.117a1 1 0 0 1 .02 1.728l-9.015 5.401A1 1 0 0 1 19 29.235z\" fill=\"#000\" stroke=\"#000\" stroke-width=\"1.5\" stroke-linecap=\"round\" stroke-linejoin=\"round\" \/>\n<\/svg>              <\/div>\n            <\/div>\n          <\/div>\n          <div class=\"md:hidden\">\n            <div class=\"mt-45 mb-10\">\n              <span class=\"block mb-4 body-legal\">Ver \u2022 3:09 <\/span>\n              <h4 class=\"heading-md !m-0 !leading-none\">Centra tu historia: Conoce a Russ<\/h4>\n            <\/div>\n                          <div class=\"body-md line-clamp-4\">\n                Conozca a Russ, un veterano voluntario que ayuda a nuestros clientes a construir una comunidad a trav\u00e9s del baile, clase a clase.              <\/div>\n                      <\/div>\n        <\/div>\n          <\/div>\n    <div class=\"absolute md:relative w-full top-0 pt-[60%] md:pt-0\">\n      \n<div class=\" relative w-full h-5\">\n  <div data-slider-pagination class=\"swiper-pagination\">\n  <\/div>\n<\/div>    <\/div>\n  <\/div>\n<\/section>\n\n<section class=\"container-full-width bg-tanDark\">\n  \n  <div class=\"py-56 lg:py-64 relative\">\n    <div class=\"container\">\n      <div class=\"pb-25 lg:pb-40\">\n        <h4 class=\"heading-lg\">\n          Le puede interesar        <\/h4>\n      <\/div>\n    <\/div>\n\n    <div class=\"container\">\n      <div class=\"grid md:grid-cols-2 gap-24 md:gap-32\">\n        \n          <div class=\"aspect-video overflow-hidden rounded-lg relative heir-img:hover:scale-110 heir-img:transition-transform\">\n                          <a href=\"https:\/\/lalgbtcenter.org\/es\/programs\/politica-y-defensa\/\">\n                <h4 class=\"absolute z-10 bottom-24 left-24 heading-sm-bold text-white\">Pol\u00edtica y defensa<\/h4>\n                                                    <img class=\"w-full aspect-video rounded-lg object-cover\" src='https:\/\/lalgbtcenter.org\/app\/uploads\/2023\/07\/041723_LDOA_101_896x896.jpg' srcset='https:\/\/lalgbtcenter.org\/app\/uploads\/2023\/07\/041723_LDOA_101_896x896.jpg 896w, https:\/\/lalgbtcenter.org\/app\/uploads\/2023\/07\/041723_LDOA_101_896x896-300x300.jpg 300w, https:\/\/lalgbtcenter.org\/app\/uploads\/2023\/07\/041723_LDOA_101_896x896-150x150.jpg 150w, https:\/\/lalgbtcenter.org\/app\/uploads\/2023\/07\/041723_LDOA_101_896x896-768x768.jpg 768w, https:\/\/lalgbtcenter.org\/app\/uploads\/2023\/07\/041723_LDOA_101_896x896-1x1.jpg 1w, https:\/\/lalgbtcenter.org\/app\/uploads\/2023\/07\/041723_LDOA_101_896x896-770x770.jpg 770w, https:\/\/lalgbtcenter.org\/app\/uploads\/2023\/07\/041723_LDOA_101_896x896-850x850.jpg 850w' alt='' loading='lazy' sizes='(min-width: 834px) 545px, 92vw'>\n                                <div class=\"w-full h-1\/2 rounded-lg bg-gradient-to-t from-black to-transparent absolute bottom-0\"><\/div>\n              <\/a>\n                      <\/div>\n        \n          <div class=\"aspect-video overflow-hidden rounded-lg relative heir-img:hover:scale-110 heir-img:transition-transform\">\n                          <a href=\"https:\/\/lalgbtcenter.org\/es\/programs\/politica-y-defensa\/actua\/\">\n                <h4 class=\"absolute z-10 bottom-24 left-24 heading-sm-bold text-white\">Act\u00faa<\/h4>\n                                                    <img class=\"w-full aspect-video rounded-lg object-cover\" src='https:\/\/lalgbtcenter.org\/app\/uploads\/2023\/08\/040923_DragMarch_1543-1-1024x683.jpg' srcset='https:\/\/lalgbtcenter.org\/app\/uploads\/2023\/08\/040923_DragMarch_1543-1-1024x683.jpg 1024w, https:\/\/lalgbtcenter.org\/app\/uploads\/2023\/08\/040923_DragMarch_1543-1-300x200.jpg 300w, https:\/\/lalgbtcenter.org\/app\/uploads\/2023\/08\/040923_DragMarch_1543-1-768x512.jpg 768w, https:\/\/lalgbtcenter.org\/app\/uploads\/2023\/08\/040923_DragMarch_1543-1-1536x1024.jpg 1536w, https:\/\/lalgbtcenter.org\/app\/uploads\/2023\/08\/040923_DragMarch_1543-1-2048x1365.jpg 2048w, https:\/\/lalgbtcenter.org\/app\/uploads\/2023\/08\/040923_DragMarch_1543-1-1x1.jpg 1w, https:\/\/lalgbtcenter.org\/app\/uploads\/2023\/08\/040923_DragMarch_1543-1-230x153.jpg 230w, https:\/\/lalgbtcenter.org\/app\/uploads\/2023\/08\/040923_DragMarch_1543-1-550x367.jpg 550w, https:\/\/lalgbtcenter.org\/app\/uploads\/2023\/08\/040923_DragMarch_1543-1-900x600.jpg 900w, https:\/\/lalgbtcenter.org\/app\/uploads\/2023\/08\/040923_DragMarch_1543-1-1130x753.jpg 1130w, https:\/\/lalgbtcenter.org\/app\/uploads\/2023\/08\/040923_DragMarch_1543-1-1280x853.jpg 1280w, https:\/\/lalgbtcenter.org\/app\/uploads\/2023\/08\/040923_DragMarch_1543-1-1460x973.jpg 1460w' alt='' loading='lazy' sizes='(min-width: 834px) 545px, 92vw'>\n                                <div class=\"w-full h-1\/2 rounded-lg bg-gradient-to-t from-black to-transparent absolute bottom-0\"><\/div>\n              <\/a>\n                      <\/div>\n              <\/div>\n    <\/div>\n  <\/div>\n<\/section>","protected":false},"excerpt":{"rendered":"<p>Sus donaciones ayudan mucho. Escuche nuestras historias.<\/p>\n","protected":false},"author":29,"featured_media":0,"parent":0,"menu_order":0,"comment_status":"closed","ping_status":"closed","template":"","meta":{"footnotes":""},"categories":[],"tags":[],"class_list":["post-22435","page","type-page","status-publish","hentry"],"acf":[],"yoast_head":"<!-- This site is optimized with the Yoast SEO plugin v20.13 - https:\/\/yoast.com\/wordpress\/plugins\/seo\/ -->\n<title>Participa - Los Angeles LGBT Center<\/title>\n<meta name=\"robots\" content=\"index, follow, max-snippet:-1, max-image-preview:large, max-video-preview:-1\" \/>\n<link rel=\"canonical\" href=\"https:\/\/lalgbtcenter.org\/es\/participa\/\" \/>\n<meta property=\"og:locale\" content=\"es_ES\" \/>\n<meta property=\"og:type\" content=\"article\" \/>\n<meta property=\"og:title\" content=\"Participa - Los Angeles LGBT Center\" \/>\n<meta property=\"og:description\" content=\"Sus donaciones ayudan mucho. Escuche nuestras historias.\" \/>\n<meta property=\"og:url\" content=\"https:\/\/lalgbtcenter.org\/es\/participa\/\" \/>\n<meta property=\"og:site_name\" content=\"Los Angeles LGBT Center\" \/>\n<meta property=\"article:modified_time\" content=\"2024-04-10T20:08:02+00:00\" \/>\n<meta name=\"twitter:card\" content=\"summary_large_image\" \/>\n<script type=\"application\/ld+json\" class=\"yoast-schema-graph\">{\"@context\":\"https:\/\/schema.org\",\"@graph\":[{\"@type\":\"WebPage\",\"@id\":\"https:\/\/lalgbtcenter.org\/es\/participa\/\",\"url\":\"https:\/\/lalgbtcenter.org\/es\/participa\/\",\"name\":\"Participa - Los Angeles LGBT Center\",\"isPartOf\":{\"@id\":\"https:\/\/dev-lalgbtcenter.pantheonsite.io\/#website\"},\"datePublished\":\"2023-09-28T16:00:37+00:00\",\"dateModified\":\"2024-04-10T20:08:02+00:00\",\"inLanguage\":\"es-ES\",\"potentialAction\":[{\"@type\":\"ReadAction\",\"target\":[\"https:\/\/lalgbtcenter.org\/es\/participa\/\"]}]},{\"@type\":\"WebSite\",\"@id\":\"https:\/\/dev-lalgbtcenter.pantheonsite.io\/#website\",\"url\":\"https:\/\/dev-lalgbtcenter.pantheonsite.io\/\",\"name\":\"Los Angeles LGBT Center\",\"description\":\"\",\"potentialAction\":[{\"@type\":\"SearchAction\",\"target\":{\"@type\":\"EntryPoint\",\"urlTemplate\":\"https:\/\/dev-lalgbtcenter.pantheonsite.io\/?s={search_term_string}\"},\"query-input\":\"required name=search_term_string\"}],\"inLanguage\":\"es-ES\"}]}<\/script>\n<!-- \/ Yoast SEO plugin. -->","yoast_head_json":{"title":"Participa - Los Angeles LGBT Center","robots":{"index":"index","follow":"follow","max-snippet":"max-snippet:-1","max-image-preview":"max-image-preview:large","max-video-preview":"max-video-preview:-1"},"canonical":"https:\/\/lalgbtcenter.org\/es\/participa\/","og_locale":"es_ES","og_type":"article","og_title":"Participa - Los Angeles LGBT Center","og_description":"Sus donaciones ayudan mucho. Escuche nuestras historias.","og_url":"https:\/\/lalgbtcenter.org\/es\/participa\/","og_site_name":"Los Angeles LGBT Center","article_modified_time":"2024-04-10T20:08:02+00:00","twitter_card":"summary_large_image","schema":{"@context":"https:\/\/schema.org","@graph":[{"@type":"WebPage","@id":"https:\/\/lalgbtcenter.org\/es\/participa\/","url":"https:\/\/lalgbtcenter.org\/es\/participa\/","name":"Participa - Los Angeles LGBT Center","isPartOf":{"@id":"https:\/\/dev-lalgbtcenter.pantheonsite.io\/#website"},"datePublished":"2023-09-28T16:00:37+00:00","dateModified":"2024-04-10T20:08:02+00:00","inLanguage":"es-ES","potentialAction":[{"@type":"ReadAction","target":["https:\/\/lalgbtcenter.org\/es\/participa\/"]}]},{"@type":"WebSite","@id":"https:\/\/dev-lalgbtcenter.pantheonsite.io\/#website","url":"https:\/\/dev-lalgbtcenter.pantheonsite.io\/","name":"Los Angeles LGBT Center","description":"","potentialAction":[{"@type":"SearchAction","target":{"@type":"EntryPoint","urlTemplate":"https:\/\/dev-lalgbtcenter.pantheonsite.io\/?s={search_term_string}"},"query-input":"required name=search_term_string"}],"inLanguage":"es-ES"}]}},"_links":{"self":[{"href":"https:\/\/lalgbtcenter.org\/es\/wp-json\/wp\/v2\/pages\/22435"}],"collection":[{"href":"https:\/\/lalgbtcenter.org\/es\/wp-json\/wp\/v2\/pages"}],"about":[{"href":"https:\/\/lalgbtcenter.org\/es\/wp-json\/wp\/v2\/types\/page"}],"author":[{"embeddable":true,"href":"https:\/\/lalgbtcenter.org\/es\/wp-json\/wp\/v2\/users\/29"}],"replies":[{"embeddable":true,"href":"https:\/\/lalgbtcenter.org\/es\/wp-json\/wp\/v2\/comments?post=22435"}],"version-history":[{"count":1,"href":"https:\/\/lalgbtcenter.org\/es\/wp-json\/wp\/v2\/pages\/22435\/revisions"}],"predecessor-version":[{"id":22439,"href":"https:\/\/lalgbtcenter.org\/es\/wp-json\/wp\/v2\/pages\/22435\/revisions\/22439"}],"wp:attachment":[{"href":"https:\/\/lalgbtcenter.org\/es\/wp-json\/wp\/v2\/media?parent=22435"}],"wp:term":[{"taxonomy":"category","embeddable":true,"href":"https:\/\/lalgbtcenter.org\/es\/wp-json\/wp\/v2\/categories?post=22435"},{"taxonomy":"post_tag","embeddable":true,"href":"https:\/\/lalgbtcenter.org\/es\/wp-json\/wp\/v2\/tags?post=22435"}],"curies":[{"name":"wp","href":"https:\/\/api.w.org\/{rel}","templated":true}]}}