{"id":22433,"date":"2023-10-02T11:58:12","date_gmt":"2023-10-02T18:58:12","guid":{"rendered":"https:\/\/lalgbtcenter.org\/voluntario\/"},"modified":"2024-04-10T13:08:02","modified_gmt":"2024-04-10T20:08:02","slug":"voluntario","status":"publish","type":"page","link":"https:\/\/lalgbtcenter.org\/es\/participa\/voluntario\/","title":{"rendered":"Voluntario"},"content":{"rendered":"  \n  <section class=\"w-full\">\n    \n<div class=\"relative container-full-width overflow-hidden bg-tanLight\">\n      <div data-gradient-color aria-hidden=\"true\" class=\"pointer-events-none blur-lg absolute max-w-[896px] max-h-[670px] w-[60vw] h-[135%] top-1\/2 left-1\/2 hidden md:block md:translate-x-[calc(50%_-_40px)] md:translate-y-[15%]\">\n  <svg class=\"-translate-x-1\/2 -translate-y-1\/2 w-full h-full opacity-0 transition-opacity\" xmlns=\"http:\/\/www.w3.org\/2000\/svg\" viewBox=\"0 0 200 200\" preserveAspectRatio=\"none\" data-wait-until-load>\n    <defs>\n      <radialGradient id=\"radial-gradient-69d0354c91d72\" cx=\"50%\" cy=\"50%\" r=\"50%\" fx=\"50%\" fy=\"50%\">\n        <stop offset=\"0%\" style=\"stop-color:white; stop-opacity:1\" \/>\n        <stop offset=\"100%\" style=\"stop-color:white; stop-opacity:0\" \/>\n      <\/radialGradient>\n\n      <linearGradient id=\"linear-gradient-69d0354c91d72\" x1=\"50%\" y1=\"50%\" x2=\"100%\" y2=\"50%\">\n        <stop offset=\"0%\" style=\"stop-color:#28ea80; stop-opacity:1\" \/>\n        <stop offset=\"100%\" style=\"stop-color:#39d839; stop-opacity:1\" \/>\n      <\/linearGradient>\n\n      <mask id=\"mask-69d0354c91d72\" x=\"0\" y=\"0\" width=\"100%\" height=\"100%\">\n        <circle cx=\"100\" cy=\"100\" r=\"100\" fill=\"url(#radial-gradient-69d0354c91d72)\" \/>\n      <\/mask>\n    <\/defs>\n    <rect x=\"0\" y=\"0\" width=\"100%\" height=\"100%\" fill=\"url(#linear-gradient-69d0354c91d72)\" mask=\"url(#mask-69d0354c91d72)\" \/>\n  <\/svg>\n<\/div><div data-gradient-color aria-hidden=\"true\" class=\"pointer-events-none blur-lg absolute w-[200%] aspect-square top-full left-1\/2 block md:hidden\">\n  <svg class=\"-translate-x-1\/2 -translate-y-1\/2 w-full h-full opacity-0 transition-opacity\" xmlns=\"http:\/\/www.w3.org\/2000\/svg\" viewBox=\"0 0 200 200\" preserveAspectRatio=\"none\" data-wait-until-load>\n    <defs>\n      <radialGradient id=\"radial-gradient-69d0354c91da0\" cx=\"50%\" cy=\"50%\" r=\"50%\" fx=\"50%\" fy=\"50%\">\n        <stop offset=\"0%\" style=\"stop-color:white; stop-opacity:1\" \/>\n        <stop offset=\"100%\" style=\"stop-color:white; stop-opacity:0\" \/>\n      <\/radialGradient>\n\n      <linearGradient id=\"linear-gradient-69d0354c91da0\" x1=\"50%\" y1=\"50%\" x2=\"100%\" y2=\"50%\">\n        <stop offset=\"0%\" style=\"stop-color:#28ea80; stop-opacity:1\" \/>\n        <stop offset=\"100%\" style=\"stop-color:#39d839; stop-opacity:1\" \/>\n      <\/linearGradient>\n\n      <mask id=\"mask-69d0354c91da0\" x=\"0\" y=\"0\" width=\"100%\" height=\"100%\">\n        <circle cx=\"100\" cy=\"100\" r=\"100\" fill=\"url(#radial-gradient-69d0354c91da0)\" \/>\n      <\/mask>\n    <\/defs>\n    <rect x=\"0\" y=\"0\" width=\"100%\" height=\"100%\" fill=\"url(#linear-gradient-69d0354c91da0)\" mask=\"url(#mask-69d0354c91da0)\" \/>\n  <\/svg>\n<\/div>  \n  <div class=\"container relative\">\n    <div class=\"mt-64 flex-col flex md:flex-row gap-56 md:gap-60 justify-between md:items-start\">\n      <div class=\"bg-tanLight container-full-width absolute bottom-0 left-0  h-60 \"><\/div>\n      <div class=\"mb-0 md:mb-32 flex flex-col gap-32 flex-1 md:pb-60\">\n        <h1 class=\"heading-xxl uppercase\">Voluntario<\/h1>\n        <p class=\"body-lg\">Los actos, programas y servicios de nuestro Centro cuentan con el apoyo diario de un nutrido grupo de dedicados voluntarios, una comunidad que durante m\u00e1s de 50 a\u00f1os ha impulsado la misi\u00f3n y el impacto de nuestra organizaci\u00f3n.<\/p>\n        <div class=\"flex flex-col md:flex-row gap-24 md:gap-32\">\n                      \n  <a   href=\"https:\/\/volunteer.lalgbtcenter.org\/join\/\" class=\"button inline-flex items-center border-black justify-center bg-transparent hover:bg-black hover:text-white active:bg-white active:text-black active:outline-none border-2 disabled:bg-white disabled:text-black-60 disabled:border-black-60 text-black body-link-sm-bold py-[16px] px-[4px] sm:px-[24px] rounded-[4px] focus:outline focus:outline-offset-4 focus:outline-black text-center min-w-0 min-w-[160px]\" target=\"_self\">\n    Hazte voluntario          <\/a>\n                            <\/div>\n      <\/div>\n              <div class=\"relative md:max-w-[448px] aspect-square\">\n          <figure class=\"m-0 w-full h-full\">\n            <img class=\"w-full h-full object-cover rounded-10\" src='https:\/\/lalgbtcenter.org\/app\/uploads\/2023\/08\/230616_TransPride_0424-1024x683.jpg' srcset='https:\/\/lalgbtcenter.org\/app\/uploads\/2023\/08\/230616_TransPride_0424-1024x683.jpg 1024w, https:\/\/lalgbtcenter.org\/app\/uploads\/2023\/08\/230616_TransPride_0424-300x200.jpg 300w, https:\/\/lalgbtcenter.org\/app\/uploads\/2023\/08\/230616_TransPride_0424-768x512.jpg 768w, https:\/\/lalgbtcenter.org\/app\/uploads\/2023\/08\/230616_TransPride_0424-1536x1024.jpg 1536w, https:\/\/lalgbtcenter.org\/app\/uploads\/2023\/08\/230616_TransPride_0424-2048x1365.jpg 2048w, https:\/\/lalgbtcenter.org\/app\/uploads\/2023\/08\/230616_TransPride_0424-1x1.jpg 1w, https:\/\/lalgbtcenter.org\/app\/uploads\/2023\/08\/230616_TransPride_0424-230x153.jpg 230w, https:\/\/lalgbtcenter.org\/app\/uploads\/2023\/08\/230616_TransPride_0424-550x367.jpg 550w, https:\/\/lalgbtcenter.org\/app\/uploads\/2023\/08\/230616_TransPride_0424-900x600.jpg 900w, https:\/\/lalgbtcenter.org\/app\/uploads\/2023\/08\/230616_TransPride_0424-1130x753.jpg 1130w, https:\/\/lalgbtcenter.org\/app\/uploads\/2023\/08\/230616_TransPride_0424-1280x853.jpg 1280w, https:\/\/lalgbtcenter.org\/app\/uploads\/2023\/08\/230616_TransPride_0424-1460x973.jpg 1460w' alt='' loading='eager' sizes='(min-width: 834px) 450px, 92vw'>\n          <\/figure>\n                  <\/div>\n          <\/div>\n  <\/div>\n<\/div>\n  <\/section>\n\n\n<section class=\"w-full\">\n  \n<div class=\"relative my-64 md:mt-110 md:mb-105\">\n      <h2 class=\"!heading-sm-bold !pl-0 mb-32 md:mb-40\">\n      Hay muchas formas de ser voluntario    <\/h2>\n  \n  <div class=\"flex flex-col md:flex-row gap-32 items-start justify-between\">\n    <div class=\"w-full md:max-w-[540px]\">\n              <div class=\"w-full pb-24 mb-24 md:mb-32 border-b border-black\/30 last:pb-0 last:mb-0 last:border-none\">\n          <h3 class=\"!pl-0 !mb-8 md:!mb-12 !heading-md !leading-none\">\n            Oportunidades de trabajo voluntario          <\/h3>\n          <p class=\"body-md\">\n            Apoyo directo a programas: Trabaje en nuestros departamentos apoyando al personal en nuestra amplia gama de ofertas de servicios.          <\/p>\n        <\/div>\n              <div class=\"w-full pb-24 mb-24 md:mb-32 border-b border-black\/30 last:pb-0 last:mb-0 last:border-none\">\n          <h3 class=\"!pl-0 !mb-8 md:!mb-12 !heading-md !leading-none\">\n            Programas de pr\u00e1cticas          <\/h3>\n          <p class=\"body-md\">\n            Ayudar a dar a los estudiantes la oportunidad de explorar y desarrollar su carrera profesional y aprender nuevas habilidades.          <\/p>\n        <\/div>\n              <div class=\"w-full pb-24 mb-24 md:mb-32 border-b border-black\/30 last:pb-0 last:mb-0 last:border-none\">\n          <h3 class=\"!pl-0 !mb-8 md:!mb-12 !heading-md !leading-none\">\n            Eventos          <\/h3>\n          <p class=\"body-md\">\n            Apoye nuestros eventos y participe en la diversi\u00f3n, desde el Mes del Orgullo hasta nuestra Gala repleta de estrellas y mucho m\u00e1s.          <\/p>\n        <\/div>\n              <div class=\"w-full pb-24 mb-24 md:mb-32 border-b border-black\/30 last:pb-0 last:mb-0 last:border-none\">\n          <h3 class=\"!pl-0 !mb-8 md:!mb-12 !heading-md !leading-none\">\n            Voluntarios de empresa          <\/h3>\n          <p class=\"body-md\">\n            Trabaja con Recursos para Voluntarios y nuestro equipo de Relaciones Corporativas para dar un enfoque significativo y de 360\u00ba al apoyo al Centro y a la comunidad LGBTQ+. Ideal para grupos de recursos de empleados o jornadas de servicio.            <\/p>\n        <\/div>\n              <div class=\"w-full pb-24 mb-24 md:mb-32 border-b border-black\/30 last:pb-0 last:mb-0 last:border-none\">\n          <h3 class=\"!pl-0 !mb-8 md:!mb-12 !heading-md !leading-none\">\n            Proyectos especiales          <\/h3>\n          <p class=\"body-md\">\n            \u00bfQuiere ir m\u00e1s all\u00e1? H\u00e1ganoslo saber. Es posible que pueda trabajar con nuestro equipo de Recursos de Voluntariado para desarrollar formas \u00fanicas de apoyar a nuestros equipos.          <\/p>\n        <\/div>\n          <\/div>\n          <img class=\"w-full md:w-[40%] sticky top-[145px] rounded-10 object-cover aspect-square\" src='https:\/\/lalgbtcenter.org\/app\/uploads\/2023\/08\/PridePantry_02-1024x675.jpg' srcset='https:\/\/lalgbtcenter.org\/app\/uploads\/2023\/08\/PridePantry_02-1024x675.jpg 1024w, https:\/\/lalgbtcenter.org\/app\/uploads\/2023\/08\/PridePantry_02-300x198.jpg 300w, https:\/\/lalgbtcenter.org\/app\/uploads\/2023\/08\/PridePantry_02-768x506.jpg 768w, https:\/\/lalgbtcenter.org\/app\/uploads\/2023\/08\/PridePantry_02-1x1.jpg 1w, https:\/\/lalgbtcenter.org\/app\/uploads\/2023\/08\/PridePantry_02-230x152.jpg 230w, https:\/\/lalgbtcenter.org\/app\/uploads\/2023\/08\/PridePantry_02-550x362.jpg 550w, https:\/\/lalgbtcenter.org\/app\/uploads\/2023\/08\/PridePantry_02-900x593.jpg 900w, https:\/\/lalgbtcenter.org\/app\/uploads\/2023\/08\/PridePantry_02-1130x745.jpg 1130w, https:\/\/lalgbtcenter.org\/app\/uploads\/2023\/08\/PridePantry_02-1280x843.jpg 1280w, https:\/\/lalgbtcenter.org\/app\/uploads\/2023\/08\/PridePantry_02-1460x962.jpg 1460w, https:\/\/lalgbtcenter.org\/app\/uploads\/2023\/08\/PridePantry_02.jpg 1510w' alt='' loading='lazy' sizes='(min-width: 834px) 37vw, 90vw' alt=\"\">\n      <\/div>\n<\/div><\/section>\n\n<section class=\"w-full mt-56 mb-80 md:mt-80 md:mb-120\">\n  \n<div class=\"flex flex-col md:flex-row gap-24 md:gap-[10%] items-center md:items-start\">\n      <img class=\"aspect-square rounded-10 object-cover w-full md:w-[50%] h-full md:max-w-[448px]\" src='https:\/\/lalgbtcenter.org\/app\/uploads\/2023\/08\/A0I6765-1024x683.jpg' srcset='https:\/\/lalgbtcenter.org\/app\/uploads\/2023\/08\/A0I6765-1024x683.jpg 1024w, https:\/\/lalgbtcenter.org\/app\/uploads\/2023\/08\/A0I6765-300x200.jpg 300w, https:\/\/lalgbtcenter.org\/app\/uploads\/2023\/08\/A0I6765-768x512.jpg 768w, https:\/\/lalgbtcenter.org\/app\/uploads\/2023\/08\/A0I6765-1536x1024.jpg 1536w, https:\/\/lalgbtcenter.org\/app\/uploads\/2023\/08\/A0I6765-2048x1365.jpg 2048w, https:\/\/lalgbtcenter.org\/app\/uploads\/2023\/08\/A0I6765-1x1.jpg 1w, https:\/\/lalgbtcenter.org\/app\/uploads\/2023\/08\/A0I6765-230x153.jpg 230w, https:\/\/lalgbtcenter.org\/app\/uploads\/2023\/08\/A0I6765-550x367.jpg 550w, https:\/\/lalgbtcenter.org\/app\/uploads\/2023\/08\/A0I6765-900x600.jpg 900w, https:\/\/lalgbtcenter.org\/app\/uploads\/2023\/08\/A0I6765-1130x753.jpg 1130w, https:\/\/lalgbtcenter.org\/app\/uploads\/2023\/08\/A0I6765-1280x853.jpg 1280w, https:\/\/lalgbtcenter.org\/app\/uploads\/2023\/08\/A0I6765-1460x973.jpg 1460w' alt='' loading='lazy' sizes='(min-width: 834px) 450px, 90vw' alt=\"\">\n  \n  <div class=\"w-full my-auto\">\n          <h2 class=\"!p-0 !heading-lg mb-24\">&quot;El voluntariado es la \u00fanica cosa que conozco en la que sacas m\u00e1s energ\u00eda de la que pones&quot;.<\/h2>\n    \n          <p class=\"body-lg mb-32 md:mb-40\">-Michael, voluntario del Centro<\/p>\n    \n      <\/div>\n<\/div><\/section>\n\n<section class=\"w-full\">\n  \n  <div class=\"bg-black flex flex-col sm:flex-row rounded-[10px] md:rounded-[8px] p-16 mb-48 md:mb-64 mt-48 md:mt-64\">\n          <div class=\"flex w-full basis-[158px] shrink-0 grow-0 mr-24 mb-16 sm:mb-0\">\n        <img class=\"aspect-square object-cover rounded-[10px] w-full\" src='https:\/\/lalgbtcenter.org\/app\/uploads\/2023\/08\/060423_WeHoPride_077-1024x683.jpg' srcset='https:\/\/lalgbtcenter.org\/app\/uploads\/2023\/08\/060423_WeHoPride_077-1024x683.jpg 1024w, https:\/\/lalgbtcenter.org\/app\/uploads\/2023\/08\/060423_WeHoPride_077-300x200.jpg 300w, https:\/\/lalgbtcenter.org\/app\/uploads\/2023\/08\/060423_WeHoPride_077-768x512.jpg 768w, https:\/\/lalgbtcenter.org\/app\/uploads\/2023\/08\/060423_WeHoPride_077-1536x1024.jpg 1536w, https:\/\/lalgbtcenter.org\/app\/uploads\/2023\/08\/060423_WeHoPride_077-2048x1365.jpg 2048w, https:\/\/lalgbtcenter.org\/app\/uploads\/2023\/08\/060423_WeHoPride_077-1x1.jpg 1w, https:\/\/lalgbtcenter.org\/app\/uploads\/2023\/08\/060423_WeHoPride_077-230x153.jpg 230w, https:\/\/lalgbtcenter.org\/app\/uploads\/2023\/08\/060423_WeHoPride_077-550x367.jpg 550w, https:\/\/lalgbtcenter.org\/app\/uploads\/2023\/08\/060423_WeHoPride_077-900x600.jpg 900w, https:\/\/lalgbtcenter.org\/app\/uploads\/2023\/08\/060423_WeHoPride_077-1130x753.jpg 1130w, https:\/\/lalgbtcenter.org\/app\/uploads\/2023\/08\/060423_WeHoPride_077-1280x853.jpg 1280w, https:\/\/lalgbtcenter.org\/app\/uploads\/2023\/08\/060423_WeHoPride_077-1460x973.jpg 1460w' alt='' loading='lazy' sizes='(min-width: 834px) 200px, 92vw' alt=\"\">\n      <\/div>\n        <div class=\"flex items-start flex-col\">\n      <div class=\"body-md-bold sm:heading-xs text-white mb-8 sm:mt-4\">Empecemos<\/div>\n      <div class=\"body-sm text-white mb-24 sm:mb-32 pr-16\">Somos una comunidad de personas compasivas, con talento y amantes de la diversi\u00f3n, ferozmente apasionadas por el voluntariado para causas impactantes.\n\n\u00bfTe suena? Pues \u00fanete a nosotros.<\/div>\n      \n  <a   href=\"https:\/\/volunteer.lalgbtcenter.org\/join\/\" class=\"button inline-flex items-center justify-center bg-white hover:bg-black-20 active:bg-white active:outline-none disabled:bg-black-60 disabled:text-white text-black body-link-sm-bold py-[16px] px-[4px] sm:px-[24px] rounded-[4px] focus:outline focus:outline-offset-4 focus:outline-white focus:outline-black text-center min-w-0 !px-8 !py-4 mt-auto\" target=\"_blank\">\n    Inscribirse          <\/a>\n    <\/div>\n  <\/div>\n<\/section>\n\n<section class=\"container-full-width bg-tanDark\">\n  \n  <div class=\"py-56 lg:py-64 relative\">\n    <div class=\"container\">\n      <div class=\"pb-25 lg:pb-40\">\n        <h4 class=\"heading-lg\">\n          Le puede interesar        <\/h4>\n      <\/div>\n    <\/div>\n\n    <div class=\"container\">\n      <div class=\"grid md:grid-cols-2 gap-24 md:gap-32\">\n        \n          <div class=\"aspect-video overflow-hidden rounded-lg relative heir-img:hover:scale-110 heir-img:transition-transform\">\n                          <a href=\"https:\/\/lalgbtcenter.org\/es\/programs\/politica-y-defensa\/\">\n                <h4 class=\"absolute z-10 bottom-24 left-24 heading-sm-bold text-white\">Pol\u00edtica y defensa<\/h4>\n                                                    <img class=\"w-full aspect-video rounded-lg object-cover\" src='https:\/\/lalgbtcenter.org\/app\/uploads\/2023\/07\/041723_LDOA_101_896x896.jpg' srcset='https:\/\/lalgbtcenter.org\/app\/uploads\/2023\/07\/041723_LDOA_101_896x896.jpg 896w, https:\/\/lalgbtcenter.org\/app\/uploads\/2023\/07\/041723_LDOA_101_896x896-300x300.jpg 300w, https:\/\/lalgbtcenter.org\/app\/uploads\/2023\/07\/041723_LDOA_101_896x896-150x150.jpg 150w, https:\/\/lalgbtcenter.org\/app\/uploads\/2023\/07\/041723_LDOA_101_896x896-768x768.jpg 768w, https:\/\/lalgbtcenter.org\/app\/uploads\/2023\/07\/041723_LDOA_101_896x896-1x1.jpg 1w, https:\/\/lalgbtcenter.org\/app\/uploads\/2023\/07\/041723_LDOA_101_896x896-770x770.jpg 770w, https:\/\/lalgbtcenter.org\/app\/uploads\/2023\/07\/041723_LDOA_101_896x896-850x850.jpg 850w' alt='' loading='lazy' sizes='(min-width: 834px) 545px, 92vw'>\n                                <div class=\"w-full h-1\/2 rounded-lg bg-gradient-to-t from-black to-transparent absolute bottom-0\"><\/div>\n              <\/a>\n                      <\/div>\n        \n          <div class=\"aspect-video overflow-hidden rounded-lg relative heir-img:hover:scale-110 heir-img:transition-transform\">\n                          <a href=\"https:\/\/lalgbtcenter.org\/es\/programs\/politica-y-defensa\/actua\/\">\n                <h4 class=\"absolute z-10 bottom-24 left-24 heading-sm-bold text-white\">Act\u00faa<\/h4>\n                                                    <img class=\"w-full aspect-video rounded-lg object-cover\" src='https:\/\/lalgbtcenter.org\/app\/uploads\/2023\/08\/040923_DragMarch_1543-1-1024x683.jpg' srcset='https:\/\/lalgbtcenter.org\/app\/uploads\/2023\/08\/040923_DragMarch_1543-1-1024x683.jpg 1024w, https:\/\/lalgbtcenter.org\/app\/uploads\/2023\/08\/040923_DragMarch_1543-1-300x200.jpg 300w, https:\/\/lalgbtcenter.org\/app\/uploads\/2023\/08\/040923_DragMarch_1543-1-768x512.jpg 768w, https:\/\/lalgbtcenter.org\/app\/uploads\/2023\/08\/040923_DragMarch_1543-1-1536x1024.jpg 1536w, https:\/\/lalgbtcenter.org\/app\/uploads\/2023\/08\/040923_DragMarch_1543-1-2048x1365.jpg 2048w, https:\/\/lalgbtcenter.org\/app\/uploads\/2023\/08\/040923_DragMarch_1543-1-1x1.jpg 1w, https:\/\/lalgbtcenter.org\/app\/uploads\/2023\/08\/040923_DragMarch_1543-1-230x153.jpg 230w, https:\/\/lalgbtcenter.org\/app\/uploads\/2023\/08\/040923_DragMarch_1543-1-550x367.jpg 550w, https:\/\/lalgbtcenter.org\/app\/uploads\/2023\/08\/040923_DragMarch_1543-1-900x600.jpg 900w, https:\/\/lalgbtcenter.org\/app\/uploads\/2023\/08\/040923_DragMarch_1543-1-1130x753.jpg 1130w, https:\/\/lalgbtcenter.org\/app\/uploads\/2023\/08\/040923_DragMarch_1543-1-1280x853.jpg 1280w, https:\/\/lalgbtcenter.org\/app\/uploads\/2023\/08\/040923_DragMarch_1543-1-1460x973.jpg 1460w' alt='' loading='lazy' sizes='(min-width: 834px) 545px, 92vw'>\n                                <div class=\"w-full h-1\/2 rounded-lg bg-gradient-to-t from-black to-transparent absolute bottom-0\"><\/div>\n              <\/a>\n                      <\/div>\n              <\/div>\n    <\/div>\n  <\/div>\n<\/section>","protected":false},"excerpt":{"rendered":"<p>Nuestros actos, programas y servicios cuentan con el apoyo de un grupo de voluntarios comprometidos con nuestra misi\u00f3n.<\/p>\n","protected":false},"author":29,"featured_media":20830,"parent":22435,"menu_order":0,"comment_status":"closed","ping_status":"closed","template":"","meta":{"footnotes":""},"categories":[],"tags":[],"class_list":["post-22433","page","type-page","status-publish","has-post-thumbnail","hentry"],"acf":[],"yoast_head":"<!-- This site is optimized with the Yoast SEO plugin v20.13 - https:\/\/yoast.com\/wordpress\/plugins\/seo\/ -->\n<title>Voluntario - Los Angeles LGBT Center<\/title>\n<meta name=\"description\" content=\"Nuestros actos, programas y servicios cuentan con el apoyo de un grupo de voluntarios comprometidos con nuestra misi\u00f3n.\" \/>\n<meta name=\"robots\" content=\"index, follow, max-snippet:-1, max-image-preview:large, max-video-preview:-1\" \/>\n<link rel=\"canonical\" href=\"https:\/\/lalgbtcenter.org\/es\/participa\/voluntario\/\" \/>\n<meta property=\"og:locale\" content=\"es_ES\" \/>\n<meta property=\"og:type\" content=\"article\" \/>\n<meta property=\"og:title\" content=\"Voluntario - Los Angeles LGBT Center\" \/>\n<meta property=\"og:description\" content=\"Nuestros actos, programas y servicios cuentan con el apoyo de un grupo de voluntarios comprometidos con nuestra misi\u00f3n.\" \/>\n<meta property=\"og:url\" content=\"https:\/\/lalgbtcenter.org\/es\/participa\/voluntario\/\" \/>\n<meta property=\"og:site_name\" content=\"Los Angeles LGBT Center\" \/>\n<meta property=\"article:modified_time\" content=\"2024-04-10T20:08:02+00:00\" \/>\n<meta property=\"og:image\" content=\"https:\/\/lalgbtcenter.org\/app\/uploads\/2023\/06\/Models-of-Pride-2022-signup-1.jpg\" \/>\n\t<meta property=\"og:image:width\" content=\"768\" \/>\n\t<meta property=\"og:image:height\" content=\"512\" \/>\n\t<meta property=\"og:image:type\" content=\"image\/jpeg\" \/>\n<meta name=\"twitter:card\" content=\"summary_large_image\" \/>\n<script type=\"application\/ld+json\" class=\"yoast-schema-graph\">{\"@context\":\"https:\/\/schema.org\",\"@graph\":[{\"@type\":\"WebPage\",\"@id\":\"https:\/\/lalgbtcenter.org\/es\/participa\/voluntario\/\",\"url\":\"https:\/\/lalgbtcenter.org\/es\/participa\/voluntario\/\",\"name\":\"Voluntario - Los Angeles LGBT Center\",\"isPartOf\":{\"@id\":\"https:\/\/dev-lalgbtcenter.pantheonsite.io\/#website\"},\"datePublished\":\"2023-10-02T18:58:12+00:00\",\"dateModified\":\"2024-04-10T20:08:02+00:00\",\"description\":\"Nuestros actos, programas y servicios cuentan con el apoyo de un grupo de voluntarios comprometidos con nuestra misi\u00f3n.\",\"breadcrumb\":{\"@id\":\"https:\/\/lalgbtcenter.org\/es\/participa\/voluntario\/#breadcrumb\"},\"inLanguage\":\"es-ES\",\"potentialAction\":[{\"@type\":\"ReadAction\",\"target\":[\"https:\/\/lalgbtcenter.org\/es\/participa\/voluntario\/\"]}]},{\"@type\":\"BreadcrumbList\",\"@id\":\"https:\/\/lalgbtcenter.org\/es\/participa\/voluntario\/#breadcrumb\",\"itemListElement\":[{\"@type\":\"ListItem\",\"position\":1,\"name\":\"Participa\",\"item\":\"https:\/\/lalgbtcenter.org\/es\/participa\/\"},{\"@type\":\"ListItem\",\"position\":2,\"name\":\"Voluntario\"}]},{\"@type\":\"WebSite\",\"@id\":\"https:\/\/dev-lalgbtcenter.pantheonsite.io\/#website\",\"url\":\"https:\/\/dev-lalgbtcenter.pantheonsite.io\/\",\"name\":\"Los Angeles LGBT Center\",\"description\":\"\",\"potentialAction\":[{\"@type\":\"SearchAction\",\"target\":{\"@type\":\"EntryPoint\",\"urlTemplate\":\"https:\/\/dev-lalgbtcenter.pantheonsite.io\/?s={search_term_string}\"},\"query-input\":\"required name=search_term_string\"}],\"inLanguage\":\"es-ES\"}]}<\/script>\n<!-- \/ Yoast SEO plugin. -->","yoast_head_json":{"title":"Voluntario - Los Angeles LGBT Center","description":"Nuestros actos, programas y servicios cuentan con el apoyo de un grupo de voluntarios comprometidos con nuestra misi\u00f3n.","robots":{"index":"index","follow":"follow","max-snippet":"max-snippet:-1","max-image-preview":"max-image-preview:large","max-video-preview":"max-video-preview:-1"},"canonical":"https:\/\/lalgbtcenter.org\/es\/participa\/voluntario\/","og_locale":"es_ES","og_type":"article","og_title":"Voluntario - Los Angeles LGBT Center","og_description":"Nuestros actos, programas y servicios cuentan con el apoyo de un grupo de voluntarios comprometidos con nuestra misi\u00f3n.","og_url":"https:\/\/lalgbtcenter.org\/es\/participa\/voluntario\/","og_site_name":"Los Angeles LGBT Center","article_modified_time":"2024-04-10T20:08:02+00:00","og_image":[{"width":768,"height":512,"url":"https:\/\/lalgbtcenter.org\/app\/uploads\/2023\/06\/Models-of-Pride-2022-signup-1.jpg","type":"image\/jpeg"}],"twitter_card":"summary_large_image","schema":{"@context":"https:\/\/schema.org","@graph":[{"@type":"WebPage","@id":"https:\/\/lalgbtcenter.org\/es\/participa\/voluntario\/","url":"https:\/\/lalgbtcenter.org\/es\/participa\/voluntario\/","name":"Voluntario - Los Angeles LGBT Center","isPartOf":{"@id":"https:\/\/dev-lalgbtcenter.pantheonsite.io\/#website"},"datePublished":"2023-10-02T18:58:12+00:00","dateModified":"2024-04-10T20:08:02+00:00","description":"Nuestros actos, programas y servicios cuentan con el apoyo de un grupo de voluntarios comprometidos con nuestra misi\u00f3n.","breadcrumb":{"@id":"https:\/\/lalgbtcenter.org\/es\/participa\/voluntario\/#breadcrumb"},"inLanguage":"es-ES","potentialAction":[{"@type":"ReadAction","target":["https:\/\/lalgbtcenter.org\/es\/participa\/voluntario\/"]}]},{"@type":"BreadcrumbList","@id":"https:\/\/lalgbtcenter.org\/es\/participa\/voluntario\/#breadcrumb","itemListElement":[{"@type":"ListItem","position":1,"name":"Participa","item":"https:\/\/lalgbtcenter.org\/es\/participa\/"},{"@type":"ListItem","position":2,"name":"Voluntario"}]},{"@type":"WebSite","@id":"https:\/\/dev-lalgbtcenter.pantheonsite.io\/#website","url":"https:\/\/dev-lalgbtcenter.pantheonsite.io\/","name":"Los Angeles LGBT Center","description":"","potentialAction":[{"@type":"SearchAction","target":{"@type":"EntryPoint","urlTemplate":"https:\/\/dev-lalgbtcenter.pantheonsite.io\/?s={search_term_string}"},"query-input":"required name=search_term_string"}],"inLanguage":"es-ES"}]}},"_links":{"self":[{"href":"https:\/\/lalgbtcenter.org\/es\/wp-json\/wp\/v2\/pages\/22433"}],"collection":[{"href":"https:\/\/lalgbtcenter.org\/es\/wp-json\/wp\/v2\/pages"}],"about":[{"href":"https:\/\/lalgbtcenter.org\/es\/wp-json\/wp\/v2\/types\/page"}],"author":[{"embeddable":true,"href":"https:\/\/lalgbtcenter.org\/es\/wp-json\/wp\/v2\/users\/29"}],"replies":[{"embeddable":true,"href":"https:\/\/lalgbtcenter.org\/es\/wp-json\/wp\/v2\/comments?post=22433"}],"version-history":[{"count":1,"href":"https:\/\/lalgbtcenter.org\/es\/wp-json\/wp\/v2\/pages\/22433\/revisions"}],"predecessor-version":[{"id":22438,"href":"https:\/\/lalgbtcenter.org\/es\/wp-json\/wp\/v2\/pages\/22433\/revisions\/22438"}],"up":[{"embeddable":true,"href":"https:\/\/lalgbtcenter.org\/es\/wp-json\/wp\/v2\/pages\/22435"}],"wp:featuredmedia":[{"embeddable":true,"href":"https:\/\/lalgbtcenter.org\/es\/wp-json\/wp\/v2\/media\/20830"}],"wp:attachment":[{"href":"https:\/\/lalgbtcenter.org\/es\/wp-json\/wp\/v2\/media?parent=22433"}],"wp:term":[{"taxonomy":"category","embeddable":true,"href":"https:\/\/lalgbtcenter.org\/es\/wp-json\/wp\/v2\/categories?post=22433"},{"taxonomy":"post_tag","embeddable":true,"href":"https:\/\/lalgbtcenter.org\/es\/wp-json\/wp\/v2\/tags?post=22433"}],"curies":[{"name":"wp","href":"https:\/\/api.w.org\/{rel}","templated":true}]}}