{"id":22407,"date":"2023-10-11T10:48:03","date_gmt":"2023-10-11T17:48:03","guid":{"rendered":"https:\/\/lalgbtcenter.org\/encuesta-nacional-sobre-la-comunidad-de-mujeres-lgbtq\/"},"modified":"2024-04-10T13:08:00","modified_gmt":"2024-04-10T20:08:00","slug":"encuesta-nacional-sobre-la-comunidad-de-mujeres-lgbtq","status":"publish","type":"page","link":"https:\/\/lalgbtcenter.org\/es\/encuesta-nacional-sobre-la-comunidad-de-mujeres-lgbtq\/","title":{"rendered":"Encuesta nacional sobre la comunidad de mujeres LGBTQ"},"content":{"rendered":"\n\n<section class=\"container-full-width mt-24 mb-32 relative\">\n  \n<div class=\"relative\">\n      <div data-gradient-color aria-hidden=\"true\" class=\"pointer-events-none blur-lg absolute h-[144px] md:h-[calc(100%_+_96px)] aspect-square top-1\/2 left-0 z-[-1] top-[40px] md:top-[50%] -translate-x-[20%] md:-translate-x-[10%]\">\n  <svg class=\"-translate-x-1\/2 -translate-y-1\/2 w-full h-full opacity-0 transition-opacity\" xmlns=\"http:\/\/www.w3.org\/2000\/svg\" viewBox=\"0 0 200 200\" preserveAspectRatio=\"none\" data-wait-until-load>\n    <defs>\n      <radialGradient id=\"radial-gradient-69ead81b6cbb1\" cx=\"50%\" cy=\"50%\" r=\"50%\" fx=\"50%\" fy=\"50%\">\n        <stop offset=\"0%\" style=\"stop-color:white; stop-opacity:1\" \/>\n        <stop offset=\"100%\" style=\"stop-color:white; stop-opacity:0\" \/>\n      <\/radialGradient>\n\n      <linearGradient id=\"linear-gradient-69ead81b6cbb1\" x1=\"50%\" y1=\"50%\" x2=\"50%\" y2=\"100%\">\n        <stop offset=\"0%\" style=\"stop-color:#ed5c8c; stop-opacity:1\" \/>\n        <stop offset=\"100%\" style=\"stop-color:#8fe800; stop-opacity:1\" \/>\n      <\/linearGradient>\n\n      <mask id=\"mask-69ead81b6cbb1\" x=\"0\" y=\"0\" width=\"100%\" height=\"100%\">\n        <circle cx=\"100\" cy=\"100\" r=\"100\" fill=\"url(#radial-gradient-69ead81b6cbb1)\" \/>\n      <\/mask>\n    <\/defs>\n    <rect x=\"0\" y=\"0\" width=\"100%\" height=\"100%\" fill=\"url(#linear-gradient-69ead81b6cbb1)\" mask=\"url(#mask-69ead81b6cbb1)\" \/>\n  <\/svg>\n<\/div>    <div class=\"container relative\">\n    <div class=\"grid grid-cols-1 md:grid-cols-2 gap-24 md:gap-160\">\n      <div class=\"relative flex flex-col gap-4 md:gap-20\">\n                          <h1 class=\"heading-xl uppercase\">Encuesta nacional sobre la comunidad de mujeres LGBTQ<\/h1>\n              <\/div>\n      <div class=\"flex flex-col gap-24 md:gap-32 items-start\">\n                  <div class=\"body-md heir-a:underline rich-text\"><p>Las mujeres LGBTQ+ sufren tasas extremadamente elevadas de discapacidad y violencia de pareja; tasas superiores a las que sufren las mujeres de la poblaci\u00f3n general.<\/p>\n<\/div>\n                      <\/div>\n    <\/div>\n  <\/div>\n<\/div><\/section>\n<p>El Centro LGBT de Los \u00c1ngeles, en colaboraci\u00f3n con Justice Work y 120 organizaciones asociadas, ha publicado los resultados de la mayor y m\u00e1s completa encuesta sobre mujeres LGBTQ+ que tienen pareja en Estados Unidos. Titulado <strong>&#8220;Nunca abandonamos la lucha: A Report of the National LGBTQ+ Women&#8217;s Community Survey&#8221;,<\/strong> el estudio pretende celebrar la amplitud de su comunidad y utilizar sus conclusiones para fortalecer nuestros movimientos, cambiar las agendas pol\u00edticas y aumentar las fuentes de financiaci\u00f3n all\u00ed donde sea necesario.<\/p>\n\n<p>El Proyecto Encuesta fue lanzado por la fallecida activista <strong>Urvashi Vaid,<\/strong> defensora de los derechos de las personas LGBTQ+, cuyo trabajo dio forma a los avances de la defensa del sida y la reforma penitenciaria durante m\u00e1s de cuatro d\u00e9cadas. El Dr. Jaime M. Grant, colaborador de Vaid desde hace muchos a\u00f1os, realiz\u00f3 el informe en colaboraci\u00f3n con el Centro LGBT de Los \u00c1ngeles.<br\/><br\/>El informe analiza las respuestas de 5.002 mujeres LGBTQ+ que respondieron a casi 170 preguntas en una encuesta comunitaria nacional realizada entre junio de 2021 y junio de 2022. Mientras que m\u00e1s de 8.000 encuestados participaron en la encuesta, 5.002 mujeres respondieron a todas las preguntas planteadas.<\/p>\n\n\n\n<div\n  class=\"block block-useful-links w-full my-0 sm:mt-48 md:mt-64 sm:mb-48 md:mb-64\">\n    <div class=\"heading-xs mb-15\">Enlaces a encuestas<\/div>\n  \n  <div class=\"relative\">\n                <a  href=\"https:\/\/lalgbtcenter.org\/wp-content\/uploads\/2023\/10\/LGBTQ-womens-survey-080323.pdf\"       class=\"group flex items-center justify-between bg-white rounded-[8px] p-16 mb-15\" target=\"_blank\">\n      <span class=\"body-md inline-flex pr-10\">Descargar el resumen ejecutivo<\/span>\n\n            <span class=\"basis-[16px] grow-0 shrink-0\">\n        <img decoding=\"async\" class=\"w-full\"\n          src=\"\/wp-content\/themes\/la-lgbt\/images\/icons\/descargar-icon.svg\"\n          alt=\"descargar\">\n      <\/span>\n          <\/a>\n                <a  href=\"https:\/\/lalgbtcenter.org\/wp-content\/uploads\/2023\/10\/LGBT-Womens-Survey-Full-2023.pdf\"       class=\"group flex items-center justify-between bg-white rounded-[8px] p-16 mb-15\" target=\"_blank\">\n      <span class=\"body-md inline-flex pr-10\">Descargar el informe completo<\/span>\n\n            <span class=\"basis-[16px] grow-0 shrink-0\">\n        <img decoding=\"async\" class=\"w-full\"\n          src=\"\/wp-content\/themes\/la-lgbt\/images\/icons\/descargar-icon.svg\"\n          alt=\"descargar\">\n      <\/span>\n          <\/a>\n                <a  href=\"https:\/\/lalgbtcenter.org\/wp-content\/uploads\/2023\/10\/LGBTQ-womens-survey-form.pdf\"       class=\"group flex items-center justify-between bg-white rounded-[8px] p-16 mb-15\" target=\"_blank\">\n      <span class=\"body-md inline-flex pr-10\">Herramienta de encuesta<\/span>\n\n            <span class=\"basis-[16px] grow-0 shrink-0\">\n        <img decoding=\"async\" class=\"w-full\"\n          src=\"\/wp-content\/themes\/la-lgbt\/images\/icons\/descargar-icon.svg\"\n          alt=\"descargar\">\n      <\/span>\n          <\/a>\n      <\/div>\n<\/div>\n\n<p>Seg\u00fan el <strong>Dr. Jaime M.<\/strong> Grant, las principales conclusiones del informe son las siguientes:<\/p>\n\n<ul class=\"wp-block-list\">\n<li><em>El 47% de los encuestados hab\u00eda sufrido violencia de pareja: emocional, f\u00edsica o sexual. En cambio, 1 de cada 3 mujeres de la poblaci\u00f3n general sufre violencia de g\u00e9nero;<\/em><\/li>\n\n\n\n<li><em>S\u00f3lo el 20% busc\u00f3 apoyo institucional por sufrir violencia emocional o f\u00edsica;<\/em><\/li>\n\n\n\n<li><em>M\u00e1s de uno de cada tres miembros de la familia alegaron tradiciones religiosas de la infancia o doctrinas religiosas adoptadas para justificar los malos tratos verbales o emocionales contra ellos;<\/em><\/li>\n\n\n\n<li><em>Los encuestados tienen relaciones sexuales con m\u00e1s frecuencia (84%) que la poblaci\u00f3n general (74%).<\/em><\/li>\n\n\n\n<li><em>El 45%, casi 1 de cada 2 participantes, declar\u00f3 que su vida sexual les proporciona mucha o bastante alegr\u00eda y placer.<\/em><\/li>\n<\/ul>\n\n<p><\/p>\n","protected":false},"excerpt":{"rendered":"<p>El Centro LGBT de Los \u00c1ngeles, en colaboraci\u00f3n con Justice Work y 120 organizaciones asociadas, ha publicado los resultados de la mayor y m\u00e1s completa encuesta sobre mujeres LGBTQ+ que tienen pareja en Estados Unidos. Titulado &#8220;Nunca abandonamos la lucha: A Report of the National LGBTQ+ Women&#8217;s Community Survey&#8221;, el estudio pretende celebrar la amplitud [&hellip;]<\/p>\n","protected":false},"author":34,"featured_media":0,"parent":0,"menu_order":0,"comment_status":"closed","ping_status":"closed","template":"","meta":{"footnotes":""},"categories":[],"tags":[],"class_list":["post-22407","page","type-page","status-publish","hentry"],"acf":[],"yoast_head":"<!-- This site is optimized with the Yoast SEO plugin v20.13 - https:\/\/yoast.com\/wordpress\/plugins\/seo\/ -->\n<title>Encuesta nacional sobre la comunidad de mujeres LGBTQ - Los Angeles LGBT Center<\/title>\n<meta name=\"description\" content=\"El Centro LGBT de Los \u00c1ngeles, en colaboraci\u00f3n con Justice Work y 120 organizaciones asociadas, public\u00f3 el resumen ejecutivo de los resultados iniciales de la mayor y m\u00e1s completa encuesta sobre mujeres LGBTQ+ que tienen pareja en Estados Unidos.\" \/>\n<meta name=\"robots\" content=\"index, follow, max-snippet:-1, max-image-preview:large, max-video-preview:-1\" \/>\n<link rel=\"canonical\" href=\"https:\/\/lalgbtcenter.org\/es\/encuesta-nacional-sobre-la-comunidad-de-mujeres-lgbtq\/\" \/>\n<meta property=\"og:locale\" content=\"es_ES\" \/>\n<meta property=\"og:type\" content=\"article\" \/>\n<meta property=\"og:title\" content=\"Encuesta nacional sobre la comunidad de mujeres LGBTQ - Los Angeles LGBT Center\" \/>\n<meta property=\"og:description\" content=\"El Centro LGBT de Los \u00c1ngeles, en colaboraci\u00f3n con Justice Work y 120 organizaciones asociadas, public\u00f3 el resumen ejecutivo de los resultados iniciales de la mayor y m\u00e1s completa encuesta sobre mujeres LGBTQ+ que tienen pareja en Estados Unidos.\" \/>\n<meta property=\"og:url\" content=\"https:\/\/lalgbtcenter.org\/es\/encuesta-nacional-sobre-la-comunidad-de-mujeres-lgbtq\/\" \/>\n<meta property=\"og:site_name\" content=\"Los Angeles LGBT Center\" \/>\n<meta property=\"article:modified_time\" content=\"2024-04-10T20:08:00+00:00\" \/>\n<meta name=\"twitter:card\" content=\"summary_large_image\" \/>\n<meta name=\"twitter:label1\" content=\"Est. reading time\" \/>\n\t<meta name=\"twitter:data1\" content=\"2 minutes\" \/>\n<script type=\"application\/ld+json\" class=\"yoast-schema-graph\">{\"@context\":\"https:\/\/schema.org\",\"@graph\":[{\"@type\":\"WebPage\",\"@id\":\"https:\/\/lalgbtcenter.org\/es\/encuesta-nacional-sobre-la-comunidad-de-mujeres-lgbtq\/\",\"url\":\"https:\/\/lalgbtcenter.org\/es\/encuesta-nacional-sobre-la-comunidad-de-mujeres-lgbtq\/\",\"name\":\"Encuesta nacional sobre la comunidad de mujeres LGBTQ - Los Angeles LGBT Center\",\"isPartOf\":{\"@id\":\"https:\/\/dev-lalgbtcenter.pantheonsite.io\/#website\"},\"datePublished\":\"2023-10-11T17:48:03+00:00\",\"dateModified\":\"2024-04-10T20:08:00+00:00\",\"description\":\"El Centro LGBT de Los \u00c1ngeles, en colaboraci\u00f3n con Justice Work y 120 organizaciones asociadas, public\u00f3 el resumen ejecutivo de los resultados iniciales de la mayor y m\u00e1s completa encuesta sobre mujeres LGBTQ+ que tienen pareja en Estados Unidos.\",\"inLanguage\":\"es-ES\",\"potentialAction\":[{\"@type\":\"ReadAction\",\"target\":[\"https:\/\/lalgbtcenter.org\/es\/encuesta-nacional-sobre-la-comunidad-de-mujeres-lgbtq\/\"]}]},{\"@type\":\"WebSite\",\"@id\":\"https:\/\/dev-lalgbtcenter.pantheonsite.io\/#website\",\"url\":\"https:\/\/dev-lalgbtcenter.pantheonsite.io\/\",\"name\":\"Los Angeles LGBT Center\",\"description\":\"\",\"potentialAction\":[{\"@type\":\"SearchAction\",\"target\":{\"@type\":\"EntryPoint\",\"urlTemplate\":\"https:\/\/dev-lalgbtcenter.pantheonsite.io\/?s={search_term_string}\"},\"query-input\":\"required name=search_term_string\"}],\"inLanguage\":\"es-ES\"}]}<\/script>\n<!-- \/ Yoast SEO plugin. -->","yoast_head_json":{"title":"Encuesta nacional sobre la comunidad de mujeres LGBTQ - Los Angeles LGBT Center","description":"El Centro LGBT de Los \u00c1ngeles, en colaboraci\u00f3n con Justice Work y 120 organizaciones asociadas, public\u00f3 el resumen ejecutivo de los resultados iniciales de la mayor y m\u00e1s completa encuesta sobre mujeres LGBTQ+ que tienen pareja en Estados Unidos.","robots":{"index":"index","follow":"follow","max-snippet":"max-snippet:-1","max-image-preview":"max-image-preview:large","max-video-preview":"max-video-preview:-1"},"canonical":"https:\/\/lalgbtcenter.org\/es\/encuesta-nacional-sobre-la-comunidad-de-mujeres-lgbtq\/","og_locale":"es_ES","og_type":"article","og_title":"Encuesta nacional sobre la comunidad de mujeres LGBTQ - Los Angeles LGBT Center","og_description":"El Centro LGBT de Los \u00c1ngeles, en colaboraci\u00f3n con Justice Work y 120 organizaciones asociadas, public\u00f3 el resumen ejecutivo de los resultados iniciales de la mayor y m\u00e1s completa encuesta sobre mujeres LGBTQ+ que tienen pareja en Estados Unidos.","og_url":"https:\/\/lalgbtcenter.org\/es\/encuesta-nacional-sobre-la-comunidad-de-mujeres-lgbtq\/","og_site_name":"Los Angeles LGBT Center","article_modified_time":"2024-04-10T20:08:00+00:00","twitter_card":"summary_large_image","twitter_misc":{"Est. reading time":"2 minutes"},"schema":{"@context":"https:\/\/schema.org","@graph":[{"@type":"WebPage","@id":"https:\/\/lalgbtcenter.org\/es\/encuesta-nacional-sobre-la-comunidad-de-mujeres-lgbtq\/","url":"https:\/\/lalgbtcenter.org\/es\/encuesta-nacional-sobre-la-comunidad-de-mujeres-lgbtq\/","name":"Encuesta nacional sobre la comunidad de mujeres LGBTQ - Los Angeles LGBT Center","isPartOf":{"@id":"https:\/\/dev-lalgbtcenter.pantheonsite.io\/#website"},"datePublished":"2023-10-11T17:48:03+00:00","dateModified":"2024-04-10T20:08:00+00:00","description":"El Centro LGBT de Los \u00c1ngeles, en colaboraci\u00f3n con Justice Work y 120 organizaciones asociadas, public\u00f3 el resumen ejecutivo de los resultados iniciales de la mayor y m\u00e1s completa encuesta sobre mujeres LGBTQ+ que tienen pareja en Estados Unidos.","inLanguage":"es-ES","potentialAction":[{"@type":"ReadAction","target":["https:\/\/lalgbtcenter.org\/es\/encuesta-nacional-sobre-la-comunidad-de-mujeres-lgbtq\/"]}]},{"@type":"WebSite","@id":"https:\/\/dev-lalgbtcenter.pantheonsite.io\/#website","url":"https:\/\/dev-lalgbtcenter.pantheonsite.io\/","name":"Los Angeles LGBT Center","description":"","potentialAction":[{"@type":"SearchAction","target":{"@type":"EntryPoint","urlTemplate":"https:\/\/dev-lalgbtcenter.pantheonsite.io\/?s={search_term_string}"},"query-input":"required name=search_term_string"}],"inLanguage":"es-ES"}]}},"_links":{"self":[{"href":"https:\/\/lalgbtcenter.org\/es\/wp-json\/wp\/v2\/pages\/22407"}],"collection":[{"href":"https:\/\/lalgbtcenter.org\/es\/wp-json\/wp\/v2\/pages"}],"about":[{"href":"https:\/\/lalgbtcenter.org\/es\/wp-json\/wp\/v2\/types\/page"}],"author":[{"embeddable":true,"href":"https:\/\/lalgbtcenter.org\/es\/wp-json\/wp\/v2\/users\/34"}],"replies":[{"embeddable":true,"href":"https:\/\/lalgbtcenter.org\/es\/wp-json\/wp\/v2\/comments?post=22407"}],"version-history":[{"count":3,"href":"https:\/\/lalgbtcenter.org\/es\/wp-json\/wp\/v2\/pages\/22407\/revisions"}],"predecessor-version":[{"id":22423,"href":"https:\/\/lalgbtcenter.org\/es\/wp-json\/wp\/v2\/pages\/22407\/revisions\/22423"}],"wp:attachment":[{"href":"https:\/\/lalgbtcenter.org\/es\/wp-json\/wp\/v2\/media?parent=22407"}],"wp:term":[{"taxonomy":"category","embeddable":true,"href":"https:\/\/lalgbtcenter.org\/es\/wp-json\/wp\/v2\/categories?post=22407"},{"taxonomy":"post_tag","embeddable":true,"href":"https:\/\/lalgbtcenter.org\/es\/wp-json\/wp\/v2\/tags?post=22407"}],"curies":[{"name":"wp","href":"https:\/\/api.w.org\/{rel}","templated":true}]}}