{"id":22404,"date":"2023-10-09T16:03:15","date_gmt":"2023-10-09T23:03:15","guid":{"rendered":"https:\/\/lalgbtcenter.org\/donaciones-de-ropa-y-maquillaje\/"},"modified":"2024-04-10T13:08:02","modified_gmt":"2024-04-10T20:08:02","slug":"donaciones-de-ropa-y-maquillaje","status":"publish","type":"page","link":"https:\/\/lalgbtcenter.org\/es\/participa\/donaciones-de-ropa-y-maquillaje\/","title":{"rendered":"Donaciones de ropa y maquillaje"},"content":{"rendered":"\n<h2 class=\"wp-block-heading\">Centro de bienestar trans<\/h2>\n\n<p><strong>C\u00f3mo apoyar a la comunidad trans en cuatro sencillos pasos<\/strong><\/p>\n\n<p>Nos gustar\u00eda darle las gracias por pensar en el Trans Wellness Center para sus donaciones. Averig\u00fce a continuaci\u00f3n c\u00f3mo donarnos sus art\u00edculos nuevos y sin usar.  <\/p>\n\n<p><strong>Por favor, env\u00ede sus donativos por correo a<\/strong><\/p>\n\n<p>Centro de bienestar trans<br\/>3055 Wilshire Blvd #360<br\/>Los Angeles, CA 90010<\/p>\n\n<p><strong>Entrega de donativos:<\/strong> <\/p>\n\n<p>De lunes a mi\u00e9rcoles, de 11.00 a 18.00 h.<br\/>Viernes, de 11.00 a 18.00 horas<\/p>\n\n<p>Recibo de donaci\u00f3n disponible previa solicitud.<\/p>\n\n<p><strong>Art\u00edculos aceptados:<\/strong><\/p>\n\n<ul class=\"wp-block-list\">\n<li>Ropa: S\u00f3lo ropa nueva para adultos y ropa interior nueva. No se aceptar\u00e1n art\u00edculos sucios, rotos o ropas de ni\u00f1os.<\/li>\n\n\n\n<li>Zapatos y accesorios: Zapatos nuevos de vestir para adultos, tacones, zapatillas de deporte\/zapatos casuales, accesorios.<\/li>\n\n\n\n<li>Otras donaciones: Maquillaje nuevo, productos\/herramientas de higiene\/pelo, tampones, compresas, ropa profesional masculina y de g\u00e9nero neutro.<\/li>\n<\/ul>\n\n<p>Para m\u00e1s informaci\u00f3n, llame al 323-993-2900 o env\u00ede un correo electr\u00f3nico a transwellness@lalgbtcenter.org.<\/p>\n\n<h2 class=\"wp-block-heading\">Centro Sur<\/h2>\n\n<p>Aceptamos donaciones, pero nos gusta decir a la gente que tiene que llamar antes. Actualmente no disponemos de espacio suficiente para almacenar las donaciones y estamos trabajando con dos percheros de ropa en nuestro espacio comunitario. Cuando la gente llama, si las estanter\u00edas est\u00e1n casi vac\u00edas aceptamos donaciones, si estamos desbordados les decimos que vuelvan a llamar en una semana o as\u00ed.<\/p>\n\n<h2 class=\"wp-block-heading\">Servicios para la juventud<\/h2>\n\n<p><strong>Donaciones comunitarias<\/strong>: Se aceptan en funci\u00f3n de las necesidades.<\/p>\n\n<p>Directrices:<\/p>\n\n<ul class=\"wp-block-list\">\n<li>S\u00f3lo ropa para adultos<\/li>\n\n\n\n<li>Nuevo o ligeramente desgastado<\/li>\n\n\n\n<li>Limpio\/Lavado<\/li>\n<\/ul>\n\n<p>NOTA: Estamos trabajando en una lista de art\u00edculos aceptables y no aceptables. Lo m\u00e1s probable es que sea en formato pdf con im\u00e1genes.<\/p>\n\n<p><strong>Listas de deseos de Amazon:<\/strong><\/p>\n\n<ul class=\"wp-block-list\">\n<li>Lo esencial del centro juvenil (Hiperv\u00ednculo Amazon):<a href=\"https:\/\/www.amazon.com\/hz\/wishlist\/ls\/33AGZGKY5JIJQ\/ref=hz_ls_biz_ex\"> Amazon.com<\/a><\/li>\n\n\n\n<li>Recover Care Kit (Hiperv\u00ednculo Amazon) :<a href=\"https:\/\/www.amazon.com\/hz\/wishlist\/ls\/3F2YCYTN8ZURK\/ref=hz_ls_biz_ex\"> Amazon.es<\/a><\/li>\n<\/ul>\n\n<p>Entrega de donativos previa cita.<\/p>\n\n<p>De lunes a viernes<br\/>9.00 A 17.00 HORAS<\/p>\n\n<p>Correo electr\u00f3nico: youthservices@lalgbtcenter.org<\/p>\n","protected":false},"excerpt":{"rendered":"<p>Aceptamos donaciones de ropa y maquillaje sin usar en varios lugares del Centro.<\/p>\n","protected":false},"author":34,"featured_media":0,"parent":22435,"menu_order":0,"comment_status":"closed","ping_status":"closed","template":"","meta":{"footnotes":""},"categories":[],"tags":[],"class_list":["post-22404","page","type-page","status-publish","hentry"],"acf":[],"yoast_head":"<!-- This site is optimized with the Yoast SEO plugin v20.13 - https:\/\/yoast.com\/wordpress\/plugins\/seo\/ -->\n<title>Donaciones de ropa y maquillaje - Los Angeles LGBT Center<\/title>\n<meta name=\"description\" content=\"Aceptamos donaciones de ropa y maquillaje sin usar en varios lugares del Centro.\" \/>\n<meta name=\"robots\" content=\"index, follow, max-snippet:-1, max-image-preview:large, max-video-preview:-1\" \/>\n<link rel=\"canonical\" href=\"https:\/\/lalgbtcenter.org\/es\/participa\/donaciones-de-ropa-y-maquillaje\/\" \/>\n<meta property=\"og:locale\" content=\"es_ES\" \/>\n<meta property=\"og:type\" content=\"article\" \/>\n<meta property=\"og:title\" content=\"Donaciones de ropa y maquillaje - Los Angeles LGBT Center\" \/>\n<meta property=\"og:description\" content=\"Aceptamos donaciones de ropa y maquillaje sin usar en varios lugares del Centro.\" \/>\n<meta property=\"og:url\" content=\"https:\/\/lalgbtcenter.org\/es\/participa\/donaciones-de-ropa-y-maquillaje\/\" \/>\n<meta property=\"og:site_name\" content=\"Los Angeles LGBT Center\" \/>\n<meta property=\"article:modified_time\" content=\"2024-04-10T20:08:02+00:00\" \/>\n<meta name=\"twitter:card\" content=\"summary_large_image\" \/>\n<meta name=\"twitter:label1\" content=\"Est. reading time\" \/>\n\t<meta name=\"twitter:data1\" content=\"2 minutes\" \/>\n<script type=\"application\/ld+json\" class=\"yoast-schema-graph\">{\"@context\":\"https:\/\/schema.org\",\"@graph\":[{\"@type\":\"WebPage\",\"@id\":\"https:\/\/lalgbtcenter.org\/es\/participa\/donaciones-de-ropa-y-maquillaje\/\",\"url\":\"https:\/\/lalgbtcenter.org\/es\/participa\/donaciones-de-ropa-y-maquillaje\/\",\"name\":\"Donaciones de ropa y maquillaje - Los Angeles LGBT Center\",\"isPartOf\":{\"@id\":\"https:\/\/dev-lalgbtcenter.pantheonsite.io\/#website\"},\"datePublished\":\"2023-10-09T23:03:15+00:00\",\"dateModified\":\"2024-04-10T20:08:02+00:00\",\"description\":\"Aceptamos donaciones de ropa y maquillaje sin usar en varios lugares del Centro.\",\"breadcrumb\":{\"@id\":\"https:\/\/lalgbtcenter.org\/es\/participa\/donaciones-de-ropa-y-maquillaje\/#breadcrumb\"},\"inLanguage\":\"es-ES\",\"potentialAction\":[{\"@type\":\"ReadAction\",\"target\":[\"https:\/\/lalgbtcenter.org\/es\/participa\/donaciones-de-ropa-y-maquillaje\/\"]}]},{\"@type\":\"BreadcrumbList\",\"@id\":\"https:\/\/lalgbtcenter.org\/es\/participa\/donaciones-de-ropa-y-maquillaje\/#breadcrumb\",\"itemListElement\":[{\"@type\":\"ListItem\",\"position\":1,\"name\":\"Participa\",\"item\":\"https:\/\/lalgbtcenter.org\/es\/participa\/\"},{\"@type\":\"ListItem\",\"position\":2,\"name\":\"Donaciones de ropa y maquillaje\"}]},{\"@type\":\"WebSite\",\"@id\":\"https:\/\/dev-lalgbtcenter.pantheonsite.io\/#website\",\"url\":\"https:\/\/dev-lalgbtcenter.pantheonsite.io\/\",\"name\":\"Los Angeles LGBT Center\",\"description\":\"\",\"potentialAction\":[{\"@type\":\"SearchAction\",\"target\":{\"@type\":\"EntryPoint\",\"urlTemplate\":\"https:\/\/dev-lalgbtcenter.pantheonsite.io\/?s={search_term_string}\"},\"query-input\":\"required name=search_term_string\"}],\"inLanguage\":\"es-ES\"}]}<\/script>\n<!-- \/ Yoast SEO plugin. -->","yoast_head_json":{"title":"Donaciones de ropa y maquillaje - Los Angeles LGBT Center","description":"Aceptamos donaciones de ropa y maquillaje sin usar en varios lugares del Centro.","robots":{"index":"index","follow":"follow","max-snippet":"max-snippet:-1","max-image-preview":"max-image-preview:large","max-video-preview":"max-video-preview:-1"},"canonical":"https:\/\/lalgbtcenter.org\/es\/participa\/donaciones-de-ropa-y-maquillaje\/","og_locale":"es_ES","og_type":"article","og_title":"Donaciones de ropa y maquillaje - Los Angeles LGBT Center","og_description":"Aceptamos donaciones de ropa y maquillaje sin usar en varios lugares del Centro.","og_url":"https:\/\/lalgbtcenter.org\/es\/participa\/donaciones-de-ropa-y-maquillaje\/","og_site_name":"Los Angeles LGBT Center","article_modified_time":"2024-04-10T20:08:02+00:00","twitter_card":"summary_large_image","twitter_misc":{"Est. reading time":"2 minutes"},"schema":{"@context":"https:\/\/schema.org","@graph":[{"@type":"WebPage","@id":"https:\/\/lalgbtcenter.org\/es\/participa\/donaciones-de-ropa-y-maquillaje\/","url":"https:\/\/lalgbtcenter.org\/es\/participa\/donaciones-de-ropa-y-maquillaje\/","name":"Donaciones de ropa y maquillaje - Los Angeles LGBT Center","isPartOf":{"@id":"https:\/\/dev-lalgbtcenter.pantheonsite.io\/#website"},"datePublished":"2023-10-09T23:03:15+00:00","dateModified":"2024-04-10T20:08:02+00:00","description":"Aceptamos donaciones de ropa y maquillaje sin usar en varios lugares del Centro.","breadcrumb":{"@id":"https:\/\/lalgbtcenter.org\/es\/participa\/donaciones-de-ropa-y-maquillaje\/#breadcrumb"},"inLanguage":"es-ES","potentialAction":[{"@type":"ReadAction","target":["https:\/\/lalgbtcenter.org\/es\/participa\/donaciones-de-ropa-y-maquillaje\/"]}]},{"@type":"BreadcrumbList","@id":"https:\/\/lalgbtcenter.org\/es\/participa\/donaciones-de-ropa-y-maquillaje\/#breadcrumb","itemListElement":[{"@type":"ListItem","position":1,"name":"Participa","item":"https:\/\/lalgbtcenter.org\/es\/participa\/"},{"@type":"ListItem","position":2,"name":"Donaciones de ropa y maquillaje"}]},{"@type":"WebSite","@id":"https:\/\/dev-lalgbtcenter.pantheonsite.io\/#website","url":"https:\/\/dev-lalgbtcenter.pantheonsite.io\/","name":"Los Angeles LGBT Center","description":"","potentialAction":[{"@type":"SearchAction","target":{"@type":"EntryPoint","urlTemplate":"https:\/\/dev-lalgbtcenter.pantheonsite.io\/?s={search_term_string}"},"query-input":"required name=search_term_string"}],"inLanguage":"es-ES"}]}},"_links":{"self":[{"href":"https:\/\/lalgbtcenter.org\/es\/wp-json\/wp\/v2\/pages\/22404"}],"collection":[{"href":"https:\/\/lalgbtcenter.org\/es\/wp-json\/wp\/v2\/pages"}],"about":[{"href":"https:\/\/lalgbtcenter.org\/es\/wp-json\/wp\/v2\/types\/page"}],"author":[{"embeddable":true,"href":"https:\/\/lalgbtcenter.org\/es\/wp-json\/wp\/v2\/users\/34"}],"replies":[{"embeddable":true,"href":"https:\/\/lalgbtcenter.org\/es\/wp-json\/wp\/v2\/comments?post=22404"}],"version-history":[{"count":3,"href":"https:\/\/lalgbtcenter.org\/es\/wp-json\/wp\/v2\/pages\/22404\/revisions"}],"predecessor-version":[{"id":22428,"href":"https:\/\/lalgbtcenter.org\/es\/wp-json\/wp\/v2\/pages\/22404\/revisions\/22428"}],"up":[{"embeddable":true,"href":"https:\/\/lalgbtcenter.org\/es\/wp-json\/wp\/v2\/pages\/22435"}],"wp:attachment":[{"href":"https:\/\/lalgbtcenter.org\/es\/wp-json\/wp\/v2\/media?parent=22404"}],"wp:term":[{"taxonomy":"category","embeddable":true,"href":"https:\/\/lalgbtcenter.org\/es\/wp-json\/wp\/v2\/categories?post=22404"},{"taxonomy":"post_tag","embeddable":true,"href":"https:\/\/lalgbtcenter.org\/es\/wp-json\/wp\/v2\/tags?post=22404"}],"curies":[{"name":"wp","href":"https:\/\/api.w.org\/{rel}","templated":true}]}}