{"id":22402,"date":"2023-12-12T12:49:17","date_gmt":"2023-12-12T20:49:17","guid":{"rendered":"https:\/\/lalgbtcenter.org\/cuadro-de-honor-de-las-artes-culturales\/"},"modified":"2024-06-16T21:41:14","modified_gmt":"2024-06-17T04:41:14","slug":"cuadro-de-honor-de-las-artes-culturales","status":"publish","type":"page","link":"https:\/\/lalgbtcenter.org\/es\/cuadro-de-honor-de-las-artes-culturales\/","title":{"rendered":"Cuadro de honor de las artes culturales"},"content":{"rendered":"\n<h3 class=\"wp-block-heading\">Gracias.<\/h3>\n\n<p>El Centro Cultural de las Artes Lily Tomlin\/Jane Wagner agradece a los miembros de la comunidad que hicieron donaciones en 2023 para apoyar el diverso e impactante trabajo art\u00edstico en el Teatro Renberg y el Teatro Davidson\/Valentini, junto con las Galer\u00edas Advocate &amp; Gochis.<\/p>\n\n<p>Para cualquier correcci\u00f3n o edici\u00f3n, <a href=\"mailto:jmunozproulx@lalgbtcenter.org\" target=\"_blank\" rel=\"noreferrer noopener\">p\u00f3ngase en contacto con Jonathan Mu\u00f1oz-Proulx<\/a>, Director Art\u00edstico.<\/p>\n\n<p>Si a\u00fan no ha hecho su donativo para 2023 y desea que le incluyamos, <a href=\"https:\/\/donate.lalgbtcenter.org\/donations\/support-cultural-arts\/\" target=\"_blank\" rel=\"noreferrer noopener\">visite nuestra p\u00e1gina segura de donativos en l\u00ednea<\/a>.<\/p>\n\n<p class=\"has-text-align-center\">Ricky Abilez En memoria de Kat Devoe Peterson<br\/>David Alfano<br\/>Glen Arakawa<br\/>Keith Ashburn<br\/>Sr. Albert Aubin<br\/>Jefe Utku Aslan<br\/>Violeta Agustina<br\/>Brian Aveni<br\/>Richard Baca<br\/>Donald Bacigalupi y Dan Feder<br\/>Jourel Baello<br\/>Lieven Baert<br\/>Sra. Teri Ball<br\/>Hermina Ban<br\/>Gene Michael Barrera<br\/>Nolina Beauchamp<br\/>Patrick Beller<br\/>Tobin Belzer<br\/>Jay Bevan<br\/>Amanda Bird<br\/>Nathan Birnbaum<br\/>Sra. Dilia Bobadilla<br\/>Gary Booher<br\/>John Bordeaux<br\/>Freno JJ<br\/>Vincent Brown<br\/>Maddie Browne<br\/>Robert Bursick<br\/>Sr. Jonathan Calderwood<br\/>Stacia Campbell<br\/>Fundaci\u00f3n Caplin<br\/>Sra. June Carryl<br\/>Andrew Carter<br\/>Kevin Carter<br\/>John Carver<br\/>Maurice Cassamajor<br\/>Sr. John Castellano<br\/>Antonio Castillo<br\/>Sr. Gil Cates<br\/>Lesly Ceballos<br\/>Dano Cerny<br\/>Steve Chariyasatit<br\/>Parvesh Cheena<br\/>Sr. Raymond Chick<br\/>Monica Chinlund<br\/>Julia Cho<br\/>Hannah Chua<br\/>Sra. Shana Clark<br\/>Sra. Jackie Clarke<br\/>Michael Cohen<br\/>Sra. y Sra. Brandi Coleman<br\/>Melissa Coleman-Reed<br\/>Sr. David Colker<br\/>Sr. Gary Conrad<br\/>Mykel Crerie<br\/>Shilpa Das<br\/>Sra. Danni Dean<br\/>Laura Deeley<br\/>Kenneth Delalcazar<br\/>Ashley Dickerson<br\/>Stephanie Dietz<br\/>Sra. Alexandra du Manoir<br\/>Sra. Ellen Dubin: En honor de Wesley Stevens<br\/>Sarah Eggers<br\/>Anne Ellwanger<br\/>Sra. Jessica Elsberry<br\/>Sra. Katherine Esperanza<br\/>Sra. Lillene Fifield<br\/>Sra. Kathleen Fishburne<br\/>Sr. Jack Foster<br\/>Brian Foyster<br\/>Gregory Franklin<br\/>Sr. Mois\u00e9s Freyre<br\/>Barbara Friend<br\/>Catherine Shim Garant<br\/>Daniel Garc\u00eda-L\u00f3pez<br\/>Sra. Christina Garies<br\/>Jonathan Gibson<br\/>Harry Gittelson<br\/>Eden Glaser<br\/>Chrissie G\u00f3mez<br\/>Joseph Guidera<br\/>Sr. Harlan Gulko<br\/>Isabelle Gunning<br\/>Jeremy Hahn<br\/>Rodger Hargear<br\/>Margaret Harrington<br\/>Terry Hatkoff<br\/>Alyssa Heimrich<br\/>Ryan Hemar<br\/>Kirk Henry<br\/>Sr. Brandon Herman<br\/>Nicki Heskin: En honor a D&#8217;Lo<br\/>Amy Hill<br\/>DJ Hills<br\/>Lewis Hofstein<br\/>Dylan Holmes<br\/>Leslie Hope<br\/>Tom Jacobson<br\/>Sra. Erin Jantz<br\/>Contralmirante Peter Johnson<br\/>Jacob Johnson<br\/>Dra. Miranda Johnson-Haddad<br\/>Amelia Jones<br\/>Sr. Scott Juhl<br\/>David Jung<br\/>Sr. William Kaiser<br\/>Mz. John Karliak<br\/>Dama Paige Kauffman<br\/>Adam Keller<br\/>Jack Kenny<br\/>Ryan Kim<br\/>Elizabeth Klatchko<br\/>Leah Kleynhans<br\/>Sr. Tony Koeijmans<br\/>Sra. Kathleen Kubo<br\/>Sra. Lyn Kupferman<br\/>Ron Lagomarsino<br\/>Mark Landres<br\/>Benjamin Larson<br\/>Christopher Lawrence<br\/>Jason Lazarcheck<br\/>Nhut Le<br\/>Paul Lerner<br\/>Jay Lesiger y Tom Klebba<br\/>Iris Levine<br\/>Sr. Roy Liebman<br\/>Sr. Steven Llanusa y Dr. Glenn Miya<br\/>Comisi\u00f3n de las Artes del Condado de Los \u00c1ngeles<br\/>Nathalie Love<br\/>Carrie Madsen<br\/>Domingo A. Magwili y Sachiko Magwili<br\/>Ronna Magy<br\/>Mariana Marroqu\u00edn<br\/>Sr. Kevin Martin<br\/>Dra. Alma Mart\u00ednez<br\/>Sra. Janice Masters<br\/>Dr. Taly Matejka<br\/>April McCaffery<br\/>Shauna Mccann<br\/>Mack McCoy<br\/>Sr. Brent McEwan<br\/>Sr. Alex McFry<br\/>Jacquelyn Mendoza<br\/>Sr. Tim Miller<br\/>Aleyna Minamoto<br\/>Fawzia Mirza<br\/>Anastasiya Mitrunen<br\/>Sra. Laura Mitten<br\/>Daniel Monick<br\/>Jaime Mora<br\/>Sra. Louise Moriarty<br\/>Sr. John Moschitta<br\/>Sr. Terrence Moss<br\/>John Mullican<br\/>Sra. Rosalyn Mylez<br\/>Loretta Nardini<br\/>Sr. Paul Nguyen<br\/>Sr. David Nichols Jr<br\/>Benjamin Noble<br\/>Tariro Nussinov<br\/>Kelsey O&#8217;Keeffe<br\/>Carolyn Oill<br\/>Jenna Orrico<br\/>Avery Ott<br\/>Luke Outland<br\/>Kila Packett<br\/>Monica Padrick<br\/>Sra. Elizabeth Parra<br\/>Chloe Phelps<br\/>Sra. Mabel Picardal<br\/>Sarah Poor<br\/>Heidi Powers<br\/>Nicol\u00e1s Prosini<br\/>Sr. Mike Radiloff<br\/>Kevin Ray<br\/>Dra. Mary Read<br\/>Sr. Dan Robert<br\/>Sra. Gina Robertelli<br\/>Doug Roberts<br\/>Alejandro Rodr\u00edguez<br\/>Dr. Brandon Rolle<br\/>Sr. David Roman<br\/>Sr. Daniel Rosen<br\/>Sra. y Sra. Katherine Rupley<br\/>Morgan Sage<br\/>Nick Salamone: En honor de Jon Imparato<br\/>Jennifer Samson<br\/>Amy Sandler<br\/>Barry Sandler<br\/>Robert Santiago<br\/>Monica Sassounian<br\/>Jamison Scala<br\/>AJ Schnack<br\/>Sr. Leran Schwartz<br\/>Robert Schwartz<br\/>Dave Senft<br\/>Eduardo Serafin: En memoria de Trinidad Cuenca Serafin<br\/>J. Sexton<br\/>Jesse Shafroth<br\/>Sra. Freda Shen<br\/>Howard Sherman<br\/>Jess Shoer<br\/>Eric Shore<br\/>Del Shores<br\/>Sr. Keath Silva<br\/>Lori Singleton<br\/>Brendan Smiley<br\/>Deb Smith<br\/>Katie Smith<br\/>Laura Spencer<br\/>Carol Springer<br\/>Paul Steel<br\/>Daniel Strudwick<br\/>Michael Sturgis<br\/>Jeff Tan<br\/>Kayla Tange<br\/>Jennifer Tsao<br\/>Srta. Wynn Tutt<br\/>Dyan Ullman<br\/>James Van Beek<br\/>Belinda Vidaurri<br\/>Sr. Gustavo Vintas<br\/>Mx. Neil Wade<br\/>Amber Wakefield<br\/>Matt Walker<br\/>Matthew Walker<br\/>Sarah Watson<br\/>Carol Weiss<br\/>Lance Werth<br\/>Sra. Martha Wheelock<br\/>Damian White<br\/>Karla Winkler<br\/>Joshua Wirtschafter<br\/>Jeff Wise<br\/>Madelyn Zambello<br\/>Sr. Matt Zarley<br\/>Matt Zaslow<br\/>Daniel Zeidler y Zeke Zeidler<\/p>\n\n<p><\/p>\n","protected":false},"excerpt":{"rendered":"<p>Gracias. El Centro Cultural de las Artes Lily Tomlin\/Jane Wagner agradece a los miembros de la comunidad que hicieron donaciones en 2023 para apoyar el diverso e impactante trabajo art\u00edstico en el Teatro Renberg y el Teatro Davidson\/Valentini, junto con las Galer\u00edas Advocate &amp; Gochis. Para cualquier correcci\u00f3n o edici\u00f3n, p\u00f3ngase en contacto con Jonathan [&hellip;]<\/p>\n","protected":false},"author":34,"featured_media":0,"parent":0,"menu_order":0,"comment_status":"closed","ping_status":"closed","template":"","meta":{"footnotes":""},"categories":[],"tags":[],"class_list":["post-22402","page","type-page","status-publish","hentry"],"acf":[],"yoast_head":"<!-- This site is optimized with the Yoast SEO plugin v20.13 - https:\/\/yoast.com\/wordpress\/plugins\/seo\/ -->\n<title>Cuadro de honor de las artes culturales - Los Angeles LGBT Center<\/title>\n<meta name=\"description\" content=\"El Centro Cultural de las Artes Lily Tomlin\/Jane Wagner agradece a los miembros de la comunidad que hicieron donaciones en 2023 para apoyar el diverso e impactante trabajo art\u00edstico en el Teatro Renberg y el Teatro Davidson\/Valentini, junto con las Galer\u00edas Advocate &amp; Gochis.\" \/>\n<meta name=\"robots\" content=\"index, follow, max-snippet:-1, max-image-preview:large, max-video-preview:-1\" \/>\n<link rel=\"canonical\" href=\"https:\/\/lalgbtcenter.org\/es\/cuadro-de-honor-de-las-artes-culturales\/\" \/>\n<meta property=\"og:locale\" content=\"es_ES\" \/>\n<meta property=\"og:type\" content=\"article\" \/>\n<meta property=\"og:title\" content=\"Cuadro de honor de las artes culturales - Los Angeles LGBT Center\" \/>\n<meta property=\"og:description\" content=\"El Centro Cultural de las Artes Lily Tomlin\/Jane Wagner agradece a los miembros de la comunidad que hicieron donaciones en 2023 para apoyar el diverso e impactante trabajo art\u00edstico en el Teatro Renberg y el Teatro Davidson\/Valentini, junto con las Galer\u00edas Advocate &amp; Gochis.\" \/>\n<meta property=\"og:url\" content=\"https:\/\/lalgbtcenter.org\/es\/cuadro-de-honor-de-las-artes-culturales\/\" \/>\n<meta property=\"og:site_name\" content=\"Los Angeles LGBT Center\" \/>\n<meta property=\"article:modified_time\" content=\"2024-06-17T04:41:14+00:00\" \/>\n<meta name=\"twitter:card\" content=\"summary_large_image\" \/>\n<meta name=\"twitter:label1\" content=\"Est. reading time\" \/>\n\t<meta name=\"twitter:data1\" content=\"2 minutes\" \/>\n<script type=\"application\/ld+json\" class=\"yoast-schema-graph\">{\"@context\":\"https:\/\/schema.org\",\"@graph\":[{\"@type\":\"WebPage\",\"@id\":\"https:\/\/lalgbtcenter.org\/es\/cuadro-de-honor-de-las-artes-culturales\/\",\"url\":\"https:\/\/lalgbtcenter.org\/es\/cuadro-de-honor-de-las-artes-culturales\/\",\"name\":\"Cuadro de honor de las artes culturales - Los Angeles LGBT Center\",\"isPartOf\":{\"@id\":\"https:\/\/dev-lalgbtcenter.pantheonsite.io\/#website\"},\"datePublished\":\"2023-12-12T20:49:17+00:00\",\"dateModified\":\"2024-06-17T04:41:14+00:00\",\"description\":\"El Centro Cultural de las Artes Lily Tomlin\/Jane Wagner agradece a los miembros de la comunidad que hicieron donaciones en 2023 para apoyar el diverso e impactante trabajo art\u00edstico en el Teatro Renberg y el Teatro Davidson\/Valentini, junto con las Galer\u00edas Advocate & Gochis.\",\"inLanguage\":\"es-ES\",\"potentialAction\":[{\"@type\":\"ReadAction\",\"target\":[\"https:\/\/lalgbtcenter.org\/es\/cuadro-de-honor-de-las-artes-culturales\/\"]}]},{\"@type\":\"WebSite\",\"@id\":\"https:\/\/dev-lalgbtcenter.pantheonsite.io\/#website\",\"url\":\"https:\/\/dev-lalgbtcenter.pantheonsite.io\/\",\"name\":\"Los Angeles LGBT Center\",\"description\":\"\",\"potentialAction\":[{\"@type\":\"SearchAction\",\"target\":{\"@type\":\"EntryPoint\",\"urlTemplate\":\"https:\/\/dev-lalgbtcenter.pantheonsite.io\/?s={search_term_string}\"},\"query-input\":\"required name=search_term_string\"}],\"inLanguage\":\"es-ES\"}]}<\/script>\n<!-- \/ Yoast SEO plugin. -->","yoast_head_json":{"title":"Cuadro de honor de las artes culturales - Los Angeles LGBT Center","description":"El Centro Cultural de las Artes Lily Tomlin\/Jane Wagner agradece a los miembros de la comunidad que hicieron donaciones en 2023 para apoyar el diverso e impactante trabajo art\u00edstico en el Teatro Renberg y el Teatro Davidson\/Valentini, junto con las Galer\u00edas Advocate & Gochis.","robots":{"index":"index","follow":"follow","max-snippet":"max-snippet:-1","max-image-preview":"max-image-preview:large","max-video-preview":"max-video-preview:-1"},"canonical":"https:\/\/lalgbtcenter.org\/es\/cuadro-de-honor-de-las-artes-culturales\/","og_locale":"es_ES","og_type":"article","og_title":"Cuadro de honor de las artes culturales - Los Angeles LGBT Center","og_description":"El Centro Cultural de las Artes Lily Tomlin\/Jane Wagner agradece a los miembros de la comunidad que hicieron donaciones en 2023 para apoyar el diverso e impactante trabajo art\u00edstico en el Teatro Renberg y el Teatro Davidson\/Valentini, junto con las Galer\u00edas Advocate & Gochis.","og_url":"https:\/\/lalgbtcenter.org\/es\/cuadro-de-honor-de-las-artes-culturales\/","og_site_name":"Los Angeles LGBT Center","article_modified_time":"2024-06-17T04:41:14+00:00","twitter_card":"summary_large_image","twitter_misc":{"Est. reading time":"2 minutes"},"schema":{"@context":"https:\/\/schema.org","@graph":[{"@type":"WebPage","@id":"https:\/\/lalgbtcenter.org\/es\/cuadro-de-honor-de-las-artes-culturales\/","url":"https:\/\/lalgbtcenter.org\/es\/cuadro-de-honor-de-las-artes-culturales\/","name":"Cuadro de honor de las artes culturales - Los Angeles LGBT Center","isPartOf":{"@id":"https:\/\/dev-lalgbtcenter.pantheonsite.io\/#website"},"datePublished":"2023-12-12T20:49:17+00:00","dateModified":"2024-06-17T04:41:14+00:00","description":"El Centro Cultural de las Artes Lily Tomlin\/Jane Wagner agradece a los miembros de la comunidad que hicieron donaciones en 2023 para apoyar el diverso e impactante trabajo art\u00edstico en el Teatro Renberg y el Teatro Davidson\/Valentini, junto con las Galer\u00edas Advocate & Gochis.","inLanguage":"es-ES","potentialAction":[{"@type":"ReadAction","target":["https:\/\/lalgbtcenter.org\/es\/cuadro-de-honor-de-las-artes-culturales\/"]}]},{"@type":"WebSite","@id":"https:\/\/dev-lalgbtcenter.pantheonsite.io\/#website","url":"https:\/\/dev-lalgbtcenter.pantheonsite.io\/","name":"Los Angeles LGBT Center","description":"","potentialAction":[{"@type":"SearchAction","target":{"@type":"EntryPoint","urlTemplate":"https:\/\/dev-lalgbtcenter.pantheonsite.io\/?s={search_term_string}"},"query-input":"required name=search_term_string"}],"inLanguage":"es-ES"}]}},"_links":{"self":[{"href":"https:\/\/lalgbtcenter.org\/es\/wp-json\/wp\/v2\/pages\/22402"}],"collection":[{"href":"https:\/\/lalgbtcenter.org\/es\/wp-json\/wp\/v2\/pages"}],"about":[{"href":"https:\/\/lalgbtcenter.org\/es\/wp-json\/wp\/v2\/types\/page"}],"author":[{"embeddable":true,"href":"https:\/\/lalgbtcenter.org\/es\/wp-json\/wp\/v2\/users\/34"}],"replies":[{"embeddable":true,"href":"https:\/\/lalgbtcenter.org\/es\/wp-json\/wp\/v2\/comments?post=22402"}],"version-history":[{"count":4,"href":"https:\/\/lalgbtcenter.org\/es\/wp-json\/wp\/v2\/pages\/22402\/revisions"}],"predecessor-version":[{"id":23620,"href":"https:\/\/lalgbtcenter.org\/es\/wp-json\/wp\/v2\/pages\/22402\/revisions\/23620"}],"wp:attachment":[{"href":"https:\/\/lalgbtcenter.org\/es\/wp-json\/wp\/v2\/media?parent=22402"}],"wp:term":[{"taxonomy":"category","embeddable":true,"href":"https:\/\/lalgbtcenter.org\/es\/wp-json\/wp\/v2\/categories?post=22402"},{"taxonomy":"post_tag","embeddable":true,"href":"https:\/\/lalgbtcenter.org\/es\/wp-json\/wp\/v2\/tags?post=22402"}],"curies":[{"name":"wp","href":"https:\/\/api.w.org\/{rel}","templated":true}]}}