{"id":22355,"date":"2023-12-14T15:05:24","date_gmt":"2023-12-14T23:05:24","guid":{"rendered":"https:\/\/lalgbtcenter.org\/donaciones-fiscales\/"},"modified":"2024-04-10T13:07:48","modified_gmt":"2024-04-10T20:07:48","slug":"donaciones-fiscales","status":"publish","type":"page","link":"https:\/\/lalgbtcenter.org\/es\/donaciones-fiscales\/","title":{"rendered":"Donaciones fiscales"},"content":{"rendered":"  \n  <section class=\"w-full\">\n    \n<div class=\"relative container-full-width overflow-hidden bg-tanLight\">\n      <div data-gradient-color aria-hidden=\"true\" class=\"pointer-events-none blur-lg absolute max-w-[896px] max-h-[670px] w-[60vw] h-[135%] top-1\/2 left-1\/2 hidden md:block md:translate-x-[calc(50%_-_40px)] md:translate-y-[15%]\">\n  <svg class=\"-translate-x-1\/2 -translate-y-1\/2 w-full h-full opacity-0 transition-opacity\" xmlns=\"http:\/\/www.w3.org\/2000\/svg\" viewBox=\"0 0 200 200\" preserveAspectRatio=\"none\" data-wait-until-load>\n    <defs>\n      <radialGradient id=\"radial-gradient-69e43074d739f\" cx=\"50%\" cy=\"50%\" r=\"50%\" fx=\"50%\" fy=\"50%\">\n        <stop offset=\"0%\" style=\"stop-color:white; stop-opacity:1\" \/>\n        <stop offset=\"100%\" style=\"stop-color:white; stop-opacity:0\" \/>\n      <\/radialGradient>\n\n      <linearGradient id=\"linear-gradient-69e43074d739f\" x1=\"50%\" y1=\"50%\" x2=\"100%\" y2=\"50%\">\n        <stop offset=\"0%\" style=\"stop-color:#28ea80; stop-opacity:1\" \/>\n        <stop offset=\"100%\" style=\"stop-color:#39d839; stop-opacity:1\" \/>\n      <\/linearGradient>\n\n      <mask id=\"mask-69e43074d739f\" x=\"0\" y=\"0\" width=\"100%\" height=\"100%\">\n        <circle cx=\"100\" cy=\"100\" r=\"100\" fill=\"url(#radial-gradient-69e43074d739f)\" \/>\n      <\/mask>\n    <\/defs>\n    <rect x=\"0\" y=\"0\" width=\"100%\" height=\"100%\" fill=\"url(#linear-gradient-69e43074d739f)\" mask=\"url(#mask-69e43074d739f)\" \/>\n  <\/svg>\n<\/div><div data-gradient-color aria-hidden=\"true\" class=\"pointer-events-none blur-lg absolute w-[200%] aspect-square top-full left-1\/2 block md:hidden\">\n  <svg class=\"-translate-x-1\/2 -translate-y-1\/2 w-full h-full opacity-0 transition-opacity\" xmlns=\"http:\/\/www.w3.org\/2000\/svg\" viewBox=\"0 0 200 200\" preserveAspectRatio=\"none\" data-wait-until-load>\n    <defs>\n      <radialGradient id=\"radial-gradient-69e43074d73c8\" cx=\"50%\" cy=\"50%\" r=\"50%\" fx=\"50%\" fy=\"50%\">\n        <stop offset=\"0%\" style=\"stop-color:white; stop-opacity:1\" \/>\n        <stop offset=\"100%\" style=\"stop-color:white; stop-opacity:0\" \/>\n      <\/radialGradient>\n\n      <linearGradient id=\"linear-gradient-69e43074d73c8\" x1=\"50%\" y1=\"50%\" x2=\"100%\" y2=\"50%\">\n        <stop offset=\"0%\" style=\"stop-color:#28ea80; stop-opacity:1\" \/>\n        <stop offset=\"100%\" style=\"stop-color:#39d839; stop-opacity:1\" \/>\n      <\/linearGradient>\n\n      <mask id=\"mask-69e43074d73c8\" x=\"0\" y=\"0\" width=\"100%\" height=\"100%\">\n        <circle cx=\"100\" cy=\"100\" r=\"100\" fill=\"url(#radial-gradient-69e43074d73c8)\" \/>\n      <\/mask>\n    <\/defs>\n    <rect x=\"0\" y=\"0\" width=\"100%\" height=\"100%\" fill=\"url(#linear-gradient-69e43074d73c8)\" mask=\"url(#mask-69e43074d73c8)\" \/>\n  <\/svg>\n<\/div>  \n  <div class=\"container relative\">\n    <div class=\"mt-64 flex-col flex md:flex-row gap-56 md:gap-60 justify-between md:items-start\">\n      <div class=\"bg-tanLight container-full-width absolute bottom-0 left-0  h-60 \"><\/div>\n      <div class=\"mb-0 md:mb-32 flex flex-col gap-32 flex-1 md:pb-60\">\n        <h1 class=\"heading-xxl uppercase\">M\u00e9todos fiscales para donar<\/h1>\n        <p class=\"body-lg\">Cada vez son m\u00e1s los donantes que, en lugar de donar dinero en met\u00e1lico, hacen donaciones al Centro que se ajustan a sus impuestos.<\/p>\n        <div class=\"flex flex-col md:flex-row gap-24 md:gap-32\">\n                      \n  <a   href=\"mailto:nsims@lalgbtcenter.org\" class=\"button inline-flex items-center border-black justify-center bg-transparent hover:bg-black hover:text-white active:bg-white active:text-black active:outline-none border-2 disabled:bg-white disabled:text-black-60 disabled:border-black-60 text-black body-link-sm-bold py-[16px] px-[4px] sm:px-[24px] rounded-[4px] focus:outline focus:outline-offset-4 focus:outline-black text-center min-w-0 min-w-[160px]\" target=\"_self\">\n    \u00bfTiene alguna pregunta? Env\u00edenos un mensaje          <\/a>\n                            <\/div>\n      <\/div>\n              <div class=\"relative md:max-w-[448px] aspect-square\">\n          <figure class=\"m-0 w-full h-full\">\n            <img class=\"w-full h-full object-cover rounded-10\" src='https:\/\/lalgbtcenter.org\/app\/uploads\/2023\/12\/culinary-students-1024x731.jpg' srcset='https:\/\/lalgbtcenter.org\/app\/uploads\/2023\/12\/culinary-students-1024x731.jpg 1024w, https:\/\/lalgbtcenter.org\/app\/uploads\/2023\/12\/culinary-students-300x214.jpg 300w, https:\/\/lalgbtcenter.org\/app\/uploads\/2023\/12\/culinary-students-768x548.jpg 768w, https:\/\/lalgbtcenter.org\/app\/uploads\/2023\/12\/culinary-students-1x1.jpg 1w, https:\/\/lalgbtcenter.org\/app\/uploads\/2023\/12\/culinary-students-230x164.jpg 230w, https:\/\/lalgbtcenter.org\/app\/uploads\/2023\/12\/culinary-students-550x393.jpg 550w, https:\/\/lalgbtcenter.org\/app\/uploads\/2023\/12\/culinary-students-900x643.jpg 900w, https:\/\/lalgbtcenter.org\/app\/uploads\/2023\/12\/culinary-students-1130x807.jpg 1130w, https:\/\/lalgbtcenter.org\/app\/uploads\/2023\/12\/culinary-students.jpg 1200w' alt='' loading='eager' sizes='(min-width: 834px) 450px, 92vw'>\n          <\/figure>\n                  <\/div>\n          <\/div>\n  <\/div>\n<\/div>\n  <\/section>\n\n<p>Donar a trav\u00e9s de estas herramientas ayuda a que tu donaci\u00f3n llegue m\u00e1s lejos. El uso de las siguientes herramientas ayuda al Centro a mantener registros precisos y ahorrar tiempo, reduciendo los gastos generales y asegur\u00e1ndose de que su generosidad repercute m\u00e1s directamente en la misi\u00f3n que amamos.  <\/p>\n\n<h3 class=\"wp-block-heading\">Estas son algunas de las opciones m\u00e1s populares entre los donantes:<\/h3>\n\n\n\n<div\n  class=\"grid lg:grid-cols-2 block-useful-links w-full my-0 sm:mt-48 md:mt-64 sm:mb-48 md:mb-64\">\n    <div class=\"pb-32 lg:pb-0 lg:pr-[126px]\">\n    <div class=\"heading-md mb-15\">Si posee acciones o fondos de inversi\u00f3n y quiere evitar los impuestos sobre las plusval\u00edas:<\/div>\n    <div class=\"body-md\">Al donar activos apreciados, puede ahorrarse dos tipos de impuestos al evitar el impuesto sobre plusval\u00edas y, a menudo, obtener una deducci\u00f3n completa por el valor de su donaci\u00f3n. Cuando done acciones, utilice esta herramienta para que podamos hacer un seguimiento de su donaci\u00f3n y enviarle el recibo correcto, asegur\u00e1ndonos de que pueda obtener el ahorro fiscal que se merece.  <\/div>\n  <\/div>\n  \n  <div class=\"relative\">\n                <a  href=\"https:\/\/www.freewill.com\/stocks\/lgbtcenter\"       class=\"group flex items-center justify-between bg-white rounded-[8px] p-16 mb-15\" target=\"_blank\">\n      <span class=\"body-md inline-flex pr-10\">Ahorre en impuestos con una donaci\u00f3n de acciones<\/span>\n\n            <span class=\"basis-[16px] grow-0 shrink-0\">\n        <img decoding=\"async\" class=\"w-full\"\n          src=\"\/wp-content\/themes\/la-lgbt\/images\/icons\/flecha arriba-derecha-icon.svg\"\n          alt=\"flecha arriba-derecha\">\n      <\/span>\n          <\/a>\n      <\/div>\n<\/div>\n\n\n\n<div\n  class=\"grid lg:grid-cols-2 block-useful-links w-full my-0 sm:mt-48 md:mt-64 sm:mb-48 md:mb-64\">\n    <div class=\"pb-32 lg:pb-0 lg:pr-[126px]\">\n    <div class=\"heading-md mb-15\">Si tiene 70,5 a\u00f1os o m\u00e1s y desea reducir su base imponible:<\/div>\n    <div class=\"body-md\">Las donaciones de su cuenta IRA al Centro reducen su renta imponible y pueden ayudarle a cumplir con la Distribuci\u00f3n M\u00ednima Obligatoria (RMD). Cuando realice una donaci\u00f3n a una cuenta IRA, utilice esta herramienta para que podamos hacer un seguimiento de su donaci\u00f3n y agradec\u00e9rselo adecuadamente.  <\/div>\n  <\/div>\n  \n  <div class=\"relative\">\n                <a  href=\"http:\/\/www.freewill.com\/qcd\/lgbtcenter\"       class=\"group flex items-center justify-between bg-white rounded-[8px] p-16 mb-15\" target=\"_blank\">\n      <span class=\"body-md inline-flex pr-10\">Donaciones de su cuenta IRA<\/span>\n\n            <span class=\"basis-[16px] grow-0 shrink-0\">\n        <img decoding=\"async\" class=\"w-full\"\n          src=\"\/wp-content\/themes\/la-lgbt\/images\/icons\/flecha arriba-derecha-icon.svg\"\n          alt=\"flecha arriba-derecha\">\n      <\/span>\n          <\/a>\n      <\/div>\n<\/div>\n\n\n\n<div\n  class=\"grid lg:grid-cols-2 block-useful-links w-full my-0 sm:mt-48 md:mt-64 sm:mb-48 md:mb-64\">\n    <div class=\"pb-32 lg:pb-0 lg:pr-[126px]\">\n    <div class=\"heading-md mb-15\">Si quiere sacar el m\u00e1ximo partido a su Fondo de Donantes-Asistidos (DAF):<\/div>\n    <div class=\"body-md\">Con una recomendaci\u00f3n de subvenci\u00f3n hoy mismo, puede donar del dinero que ya tiene reservado sin gastar ni un c\u00e9ntimo m\u00e1s. Esta herramienta se integra con el custodio de su DAF, se utiliza en pocos minutos y nos ayuda a hacer un seguimiento de su donaci\u00f3n.<\/div>\n  <\/div>\n  \n  <div class=\"relative\">\n                <a  href=\"https:\/\/www.freewill.com\/daf\/lgbtcenter\"       class=\"group flex items-center justify-between bg-white rounded-[8px] p-16 mb-15\" target=\"_blank\">\n      <span class=\"body-md inline-flex pr-10\">Donar desde su DAF<\/span>\n\n            <span class=\"basis-[16px] grow-0 shrink-0\">\n        <img decoding=\"async\" class=\"w-full\"\n          src=\"\/wp-content\/themes\/la-lgbt\/images\/icons\/flecha arriba-derecha-icon.svg\"\n          alt=\"flecha arriba-derecha\">\n      <\/span>\n          <\/a>\n      <\/div>\n<\/div>\n","protected":false},"excerpt":{"rendered":"<p>Donar a trav\u00e9s de estas herramientas ayuda a que tu donaci\u00f3n llegue m\u00e1s lejos. El uso de las siguientes herramientas ayuda al Centro a mantener registros precisos y ahorrar tiempo, reduciendo los gastos generales y asegur\u00e1ndose de que su generosidad repercute m\u00e1s directamente en la misi\u00f3n que amamos. Estas son algunas de las opciones m\u00e1s [&hellip;]<\/p>\n","protected":false},"author":34,"featured_media":0,"parent":0,"menu_order":0,"comment_status":"closed","ping_status":"closed","template":"","meta":{"footnotes":""},"categories":[],"tags":[],"class_list":["post-22355","page","type-page","status-publish","hentry"],"acf":[],"yoast_head":"<!-- This site is optimized with the Yoast SEO plugin v20.13 - https:\/\/yoast.com\/wordpress\/plugins\/seo\/ -->\n<title>Donaciones fiscales - Los Angeles LGBT Center<\/title>\n<meta name=\"description\" content=\"Donar a trav\u00e9s de estas herramientas ayuda a que tu donaci\u00f3n llegue m\u00e1s lejos. El uso de las siguientes herramientas ayuda al Centro a mantener registros precisos y ahorrar tiempo, reduciendo los gastos generales y asegur\u00e1ndose de que su generosidad repercute m\u00e1s directamente en la misi\u00f3n que amamos.\" \/>\n<meta name=\"robots\" content=\"index, follow, max-snippet:-1, max-image-preview:large, max-video-preview:-1\" \/>\n<link rel=\"canonical\" href=\"https:\/\/lalgbtcenter.org\/es\/donaciones-fiscales\/\" \/>\n<meta property=\"og:locale\" content=\"es_ES\" \/>\n<meta property=\"og:type\" content=\"article\" \/>\n<meta property=\"og:title\" content=\"Donaciones fiscales - Los Angeles LGBT Center\" \/>\n<meta property=\"og:description\" content=\"Donar a trav\u00e9s de estas herramientas ayuda a que tu donaci\u00f3n llegue m\u00e1s lejos. El uso de las siguientes herramientas ayuda al Centro a mantener registros precisos y ahorrar tiempo, reduciendo los gastos generales y asegur\u00e1ndose de que su generosidad repercute m\u00e1s directamente en la misi\u00f3n que amamos.\" \/>\n<meta property=\"og:url\" content=\"https:\/\/lalgbtcenter.org\/es\/donaciones-fiscales\/\" \/>\n<meta property=\"og:site_name\" content=\"Los Angeles LGBT Center\" \/>\n<meta property=\"article:modified_time\" content=\"2024-04-10T20:07:48+00:00\" \/>\n<meta name=\"twitter:card\" content=\"summary_large_image\" \/>\n<script type=\"application\/ld+json\" class=\"yoast-schema-graph\">{\"@context\":\"https:\/\/schema.org\",\"@graph\":[{\"@type\":\"WebPage\",\"@id\":\"https:\/\/lalgbtcenter.org\/es\/donaciones-fiscales\/\",\"url\":\"https:\/\/lalgbtcenter.org\/es\/donaciones-fiscales\/\",\"name\":\"Donaciones fiscales - Los Angeles LGBT Center\",\"isPartOf\":{\"@id\":\"https:\/\/dev-lalgbtcenter.pantheonsite.io\/#website\"},\"datePublished\":\"2023-12-14T23:05:24+00:00\",\"dateModified\":\"2024-04-10T20:07:48+00:00\",\"description\":\"Donar a trav\u00e9s de estas herramientas ayuda a que tu donaci\u00f3n llegue m\u00e1s lejos. El uso de las siguientes herramientas ayuda al Centro a mantener registros precisos y ahorrar tiempo, reduciendo los gastos generales y asegur\u00e1ndose de que su generosidad repercute m\u00e1s directamente en la misi\u00f3n que amamos.\",\"inLanguage\":\"es-ES\",\"potentialAction\":[{\"@type\":\"ReadAction\",\"target\":[\"https:\/\/lalgbtcenter.org\/es\/donaciones-fiscales\/\"]}]},{\"@type\":\"WebSite\",\"@id\":\"https:\/\/dev-lalgbtcenter.pantheonsite.io\/#website\",\"url\":\"https:\/\/dev-lalgbtcenter.pantheonsite.io\/\",\"name\":\"Los Angeles LGBT Center\",\"description\":\"\",\"potentialAction\":[{\"@type\":\"SearchAction\",\"target\":{\"@type\":\"EntryPoint\",\"urlTemplate\":\"https:\/\/dev-lalgbtcenter.pantheonsite.io\/?s={search_term_string}\"},\"query-input\":\"required name=search_term_string\"}],\"inLanguage\":\"es-ES\"}]}<\/script>\n<!-- \/ Yoast SEO plugin. -->","yoast_head_json":{"title":"Donaciones fiscales - Los Angeles LGBT Center","description":"Donar a trav\u00e9s de estas herramientas ayuda a que tu donaci\u00f3n llegue m\u00e1s lejos. El uso de las siguientes herramientas ayuda al Centro a mantener registros precisos y ahorrar tiempo, reduciendo los gastos generales y asegur\u00e1ndose de que su generosidad repercute m\u00e1s directamente en la misi\u00f3n que amamos.","robots":{"index":"index","follow":"follow","max-snippet":"max-snippet:-1","max-image-preview":"max-image-preview:large","max-video-preview":"max-video-preview:-1"},"canonical":"https:\/\/lalgbtcenter.org\/es\/donaciones-fiscales\/","og_locale":"es_ES","og_type":"article","og_title":"Donaciones fiscales - Los Angeles LGBT Center","og_description":"Donar a trav\u00e9s de estas herramientas ayuda a que tu donaci\u00f3n llegue m\u00e1s lejos. El uso de las siguientes herramientas ayuda al Centro a mantener registros precisos y ahorrar tiempo, reduciendo los gastos generales y asegur\u00e1ndose de que su generosidad repercute m\u00e1s directamente en la misi\u00f3n que amamos.","og_url":"https:\/\/lalgbtcenter.org\/es\/donaciones-fiscales\/","og_site_name":"Los Angeles LGBT Center","article_modified_time":"2024-04-10T20:07:48+00:00","twitter_card":"summary_large_image","schema":{"@context":"https:\/\/schema.org","@graph":[{"@type":"WebPage","@id":"https:\/\/lalgbtcenter.org\/es\/donaciones-fiscales\/","url":"https:\/\/lalgbtcenter.org\/es\/donaciones-fiscales\/","name":"Donaciones fiscales - Los Angeles LGBT Center","isPartOf":{"@id":"https:\/\/dev-lalgbtcenter.pantheonsite.io\/#website"},"datePublished":"2023-12-14T23:05:24+00:00","dateModified":"2024-04-10T20:07:48+00:00","description":"Donar a trav\u00e9s de estas herramientas ayuda a que tu donaci\u00f3n llegue m\u00e1s lejos. El uso de las siguientes herramientas ayuda al Centro a mantener registros precisos y ahorrar tiempo, reduciendo los gastos generales y asegur\u00e1ndose de que su generosidad repercute m\u00e1s directamente en la misi\u00f3n que amamos.","inLanguage":"es-ES","potentialAction":[{"@type":"ReadAction","target":["https:\/\/lalgbtcenter.org\/es\/donaciones-fiscales\/"]}]},{"@type":"WebSite","@id":"https:\/\/dev-lalgbtcenter.pantheonsite.io\/#website","url":"https:\/\/dev-lalgbtcenter.pantheonsite.io\/","name":"Los Angeles LGBT Center","description":"","potentialAction":[{"@type":"SearchAction","target":{"@type":"EntryPoint","urlTemplate":"https:\/\/dev-lalgbtcenter.pantheonsite.io\/?s={search_term_string}"},"query-input":"required name=search_term_string"}],"inLanguage":"es-ES"}]}},"_links":{"self":[{"href":"https:\/\/lalgbtcenter.org\/es\/wp-json\/wp\/v2\/pages\/22355"}],"collection":[{"href":"https:\/\/lalgbtcenter.org\/es\/wp-json\/wp\/v2\/pages"}],"about":[{"href":"https:\/\/lalgbtcenter.org\/es\/wp-json\/wp\/v2\/types\/page"}],"author":[{"embeddable":true,"href":"https:\/\/lalgbtcenter.org\/es\/wp-json\/wp\/v2\/users\/34"}],"replies":[{"embeddable":true,"href":"https:\/\/lalgbtcenter.org\/es\/wp-json\/wp\/v2\/comments?post=22355"}],"version-history":[{"count":3,"href":"https:\/\/lalgbtcenter.org\/es\/wp-json\/wp\/v2\/pages\/22355\/revisions"}],"predecessor-version":[{"id":22386,"href":"https:\/\/lalgbtcenter.org\/es\/wp-json\/wp\/v2\/pages\/22355\/revisions\/22386"}],"wp:attachment":[{"href":"https:\/\/lalgbtcenter.org\/es\/wp-json\/wp\/v2\/media?parent=22355"}],"wp:term":[{"taxonomy":"category","embeddable":true,"href":"https:\/\/lalgbtcenter.org\/es\/wp-json\/wp\/v2\/categories?post=22355"},{"taxonomy":"post_tag","embeddable":true,"href":"https:\/\/lalgbtcenter.org\/es\/wp-json\/wp\/v2\/tags?post=22355"}],"curies":[{"name":"wp","href":"https:\/\/api.w.org\/{rel}","templated":true}]}}